{"id":18159,"date":"2024-10-03T16:23:48","date_gmt":"2024-10-03T14:23:48","guid":{"rendered":"http:\/\/casamarisa.youelba.com\/arrivare-allelba\/"},"modified":"2025-01-21T13:01:11","modified_gmt":"2025-01-21T12:01:11","slug":"anreise-nach-elba","status":"publish","type":"page","link":"https:\/\/www.casamarisa.it\/de\/anreise-nach-elba\/","title":{"rendered":"Anreise nach Elba"},"content":{"rendered":"\t\t<div data-elementor-type=\"wp-page\" data-elementor-id=\"18159\" class=\"elementor elementor-18159 elementor-17246\">\n\t\t\t\t        <section class=\"elementor-section elementor-top-section elementor-element elementor-element-29c3666 elementor-section-boxed elementor-section-height-default elementor-section-height-default pxl-section-static-pos-no pxl-section-overflow-hidden-no pxl-container-margin-auto-no\" data-id=\"29c3666\" data-element_type=\"section\">\n\n                \n                <div class=\"elementor-container elementor-column-gap-default \">\n                <div class=\"elementor-column elementor-col-100 elementor-top-column elementor-element elementor-element-6d54553 col-offset-none pxl-column-element-default pxl-column-overflow-hidden-no\" data-id=\"6d54553\" data-element_type=\"column\">\r\n        <div class=\"elementor-widget-wrap elementor-element-populated\">\r\n                    \t\t<div class=\"elementor-element elementor-element-6fdc3a5 elementor-widget elementor-widget-pxl_heading\" data-id=\"6fdc3a5\" data-element_type=\"widget\" data-widget_type=\"pxl_heading.default\">\n\t\t\t\t<div class=\"elementor-widget-container\">\n\t\t\t\t\t<div class=\"pxl-heading-wrap d-flex\">\n    <div class=\"pxl-heading-inner  \">\n                    <div class=\"heading-subtitle divider-left\">\n                <div class=\"subtitle-text  pxl-split-text split-in-right\">Ankunft im Hafen von Piombino<\/div>\n            <\/div>\n                <h2 class=\"heading-title pxl-animate pxl-invisible animated-normal\" data-settings=\"{&quot;animation&quot;:&quot;fadeIn&quot;,&quot;animation_delay&quot;:300}\">\n                        Mit dem Auto         <\/h2>\n            <\/div>\n<\/div>\n\n\t\t\t\t<\/div>\n\t\t\t\t<\/div>\n\t\t\t\t<div class=\"elementor-element elementor-element-e6f93bc elementor-invisible pxl-elementor-animate elementor-widget elementor-widget-pxl_text_editor\" data-id=\"e6f93bc\" data-element_type=\"widget\" data-settings=\"{&quot;_animation&quot;:&quot;fadeInUp&quot;}\" data-widget_type=\"pxl_text_editor.default\">\n\t\t\t\t<div class=\"elementor-widget-container\">\n\t\t\t\t\t<div id=\"pxl_text_editor-e6f93bc-1936\" class=\"pxl-text-editor-wrap d-flex \" >\n\t<div class=\"pxl-text-editor elementor-clearfix\">\n\t\t<p>Elba ist mit dem Auto erreichbar, indem man in Piombino auf die F\u00e4hre geht, wo mehrere Reedereien komfortable F\u00e4hren mit zahlreichen t\u00e4glichen Verbindungen betreiben.<\/p><p>Aus dem Norden: Autobahn A12 Richtung Genua-Livorno, Ausfahrt Rosignano. Weiter auf der S.S. Aurelia bis Venturina-Isola d&#8217;Elba und dann weiter nach Piombino Marittima.<\/p><p>Aus dem Nordosten: Autobahn A1 Bologna-Florenz-Pisa-Livorno, Ausfahrt Rosignano. Weiter auf der S.S. Aurelia bis Venturina-Isola d&#8217;Elba und dann weiter nach Piombino Marittima.<\/p><p>Alternativ, unter Nutzung der Schnellstra\u00dfe Firenze-Pisa-Livorno: Ausfahrt Firenze Signa und weiter auf der S.S. bis Collesalvetti; zur\u00fcck auf die Autobahn bis Rosignano Marittimo, dann die Schnellstra\u00dfe bis Venturina und weiter nach Piombino Marittima.<\/p><p>Aus dem S\u00fcden: Autobahn A12 Rom-Grosseto. S.S. Aurelia, Ausfahrt Venturina-Isola d&#8217;Elba, weiter nach Piombino Marittima.<\/p>\t\t\n\t<\/div>\n<\/div>\t\t\t\t<\/div>\n\t\t\t\t<\/div>\n\t\t        <section class=\"elementor-section elementor-inner-section elementor-element elementor-element-3753932 elementor-section-boxed elementor-section-height-default elementor-section-height-default pxl-section-static-pos-no pxl-section-overflow-hidden-no pxl-container-margin-auto-no\" data-id=\"3753932\" data-element_type=\"section\">\n\n                \n                <div class=\"elementor-container elementor-column-gap-default \">\n                <div class=\"elementor-column elementor-col-66 elementor-inner-column elementor-element elementor-element-5ed5fce col-offset-none pxl-column-element-default pxl-column-overflow-hidden-no\" data-id=\"5ed5fce\" data-element_type=\"column\">\r\n        <div class=\"elementor-widget-wrap elementor-element-populated\">\r\n                    \t\t<div class=\"elementor-element elementor-element-8a4fe2a elementor-widget elementor-widget-pxl_heading\" data-id=\"8a4fe2a\" data-element_type=\"widget\" data-widget_type=\"pxl_heading.default\">\n\t\t\t\t<div class=\"elementor-widget-container\">\n\t\t\t\t\t<div class=\"pxl-heading-wrap d-flex\">\n    <div class=\"pxl-heading-inner  \">\n                    <div class=\"heading-subtitle divider-left\">\n                <div class=\"subtitle-text  pxl-split-text split-in-right\">ANKUNFT AM SEEHAFEN<\/div>\n            <\/div>\n                <h2 class=\"heading-title pxl-animate pxl-invisible animated-normal\" data-settings=\"{&quot;animation&quot;:&quot;fadeIn&quot;,&quot;animation_delay&quot;:300}\">\n                        Mit dem Zug und Bus         <\/h2>\n            <\/div>\n<\/div>\n\n\t\t\t\t<\/div>\n\t\t\t\t<\/div>\n\t\t\t\t<div class=\"elementor-element elementor-element-a8c46a1 elementor-invisible pxl-elementor-animate elementor-widget elementor-widget-pxl_text_editor\" data-id=\"a8c46a1\" data-element_type=\"widget\" data-settings=\"{&quot;_animation&quot;:&quot;fadeInUp&quot;}\" data-widget_type=\"pxl_text_editor.default\">\n\t\t\t\t<div class=\"elementor-widget-container\">\n\t\t\t\t\t<div id=\"pxl_text_editor-a8c46a1-9628\" class=\"pxl-text-editor-wrap d-flex \" >\n\t<div class=\"pxl-text-editor elementor-clearfix\">\n\t\t<p>Um die F\u00e4hre nach Elba zu nehmen, egal ob man aus dem Norden oder S\u00fcden kommt, muss man den Hafen von Piombino erreichen, wo es den kleinen Bahnhof Piombino Marittima und den Busbahnhof gibt, beide direkt vor den F\u00e4hranlegestellen.<\/p>\t\t\n\t<\/div>\n<\/div>\t\t\t\t<\/div>\n\t\t\t\t<\/div>\n\t\t                    <\/div>\r\n        <\/div>\r\n                <div class=\"elementor-column elementor-col-33 elementor-inner-column elementor-element elementor-element-f3c601d col-offset-none pxl-column-element-default pxl-column-overflow-hidden-no\" data-id=\"f3c601d\" data-element_type=\"column\">\r\n        <div class=\"elementor-widget-wrap elementor-element-populated\">\r\n                    \t\t<div class=\"elementor-element elementor-element-7351def elementor-align-end elementor-align-start elementor-widget elementor-widget-pxl_button\" data-id=\"7351def\" data-element_type=\"widget\" data-widget_type=\"pxl_button.default\">\n\t\t\t\t<div class=\"elementor-widget-container\">\n\t\t\t\t\t<div id=\"pxl_button-7351def-3481\" class=\"pxl-button-wrapper d-flex-wrap pxl-button-layout1\" >\r\n    <a href=\"https:\/\/www.trenitalia.com\/de.html\" target=\"_blank\" class=\"pxl-btn default icon-ps-right\">\r\n        <span class=\"pxl-button-text\">trenitalia.com<\/span>\r\n            <\/a>\r\n<\/div>\t\t\t\t<\/div>\n\t\t\t\t<\/div>\n\t\t                    <\/div>\r\n        <\/div>\r\n        \t\t\t<\/div>\n\t\t<\/section>\n\t\t        <section class=\"elementor-section elementor-inner-section elementor-element elementor-element-21ac892 elementor-section-boxed elementor-section-height-default elementor-section-height-default pxl-section-static-pos-no pxl-section-overflow-hidden-no pxl-container-margin-auto-no\" data-id=\"21ac892\" data-element_type=\"section\">\n\n                \n                <div class=\"elementor-container elementor-column-gap-wide \">\n                <div class=\"elementor-column elementor-col-33 elementor-inner-column elementor-element elementor-element-b6eeb35 col-offset-none pxl-column-element-default pxl-column-overflow-hidden-no\" data-id=\"b6eeb35\" data-element_type=\"column\">\r\n        <div class=\"elementor-widget-wrap elementor-element-populated\">\r\n                    \t\t<div class=\"elementor-element elementor-element-79e7188 elementor-widget elementor-widget-pxl_heading\" data-id=\"79e7188\" data-element_type=\"widget\" data-widget_type=\"pxl_heading.default\">\n\t\t\t\t<div class=\"elementor-widget-container\">\n\t\t\t\t\t<div class=\"pxl-heading-wrap d-flex\">\n    <div class=\"pxl-heading-inner center \">\n                <h4 class=\"heading-title\">\n                        Ankunft mit dem Bus aus Mailand         <\/h4>\n            <\/div>\n<\/div>\n\n\t\t\t\t<\/div>\n\t\t\t\t<\/div>\n\t\t\t\t<div class=\"elementor-element elementor-element-c411c4f elementor-widget elementor-widget-pxl_text_editor\" data-id=\"c411c4f\" data-element_type=\"widget\" data-widget_type=\"pxl_text_editor.default\">\n\t\t\t\t<div class=\"elementor-widget-container\">\n\t\t\t\t\t<div id=\"pxl_text_editor-c411c4f-8795\" class=\"pxl-text-editor-wrap d-flex \" >\n\t<div class=\"pxl-text-editor elementor-clearfix\">\n\t\t<p>Zwei Busunternehmen verbinden Mailand mit dem Hafen von Piombino: Autostradale, nur im Sommer, und Arzillibus, das sowohl im Winter als auch im Sommer f\u00e4hrt.<\/p>\t\t\n\t<\/div>\n<\/div>\t\t\t\t<\/div>\n\t\t\t\t<\/div>\n\t\t\t\t<div class=\"elementor-element elementor-element-b7b3005 elementor-align-center elementor-widget elementor-widget-pxl_button\" data-id=\"b7b3005\" data-element_type=\"widget\" data-widget_type=\"pxl_button.default\">\n\t\t\t\t<div class=\"elementor-widget-container\">\n\t\t\t\t\t<div id=\"pxl_button-b7b3005-1715\" class=\"pxl-button-wrapper d-flex-wrap pxl-button-layout1\" >\r\n    <a href=\"https:\/\/autostradale.it\/Ricerca.aspx?from=MYgj7ewIys8=&amp;to=LO9BZeVbe5I=&amp;departure=5NpV\/zTC6rMBBkwHRISonA==&amp;returnselected=GTwIzUbPJRQ=&amp;return=5NpV\/zTC6rMBBkwHRISonA==&amp;adult=W41NAhuqaqE=&amp;child=SFSmDhk8mBw=&amp;dtime=d3F6wyR2S4g=&amp;rtime=D8oCLXxtkQc=&amp;client=st0F6qpeXTN35jL\/LUtIwQ==\" target=\"_blank\" class=\"link-more link icon-ps-right underline- underline_ has-icon\">\r\n        <span class=\"pxl-button-text\">autostradale.it<\/span>\r\n        <span aria-hidden=\"true\" class=\"pxl-button-icon pxl-icon right pxli pxli-right-long-arrow\"><\/span>    <\/a>\r\n<\/div>\t\t\t\t<\/div>\n\t\t\t\t<\/div>\n\t\t\t\t<div class=\"elementor-element elementor-element-6384457 elementor-align-center elementor-widget elementor-widget-pxl_button\" data-id=\"6384457\" data-element_type=\"widget\" data-widget_type=\"pxl_button.default\">\n\t\t\t\t<div class=\"elementor-widget-container\">\n\t\t\t\t\t<div id=\"pxl_button-6384457-6863\" class=\"pxl-button-wrapper d-flex-wrap pxl-button-layout1\" >\r\n    <a href=\"https:\/\/www.arzillibus.com\/\" target=\"_blank\" class=\"link-more link icon-ps-right underline- underline_ has-icon\">\r\n        <span class=\"pxl-button-text\">arzillibus.com<\/span>\r\n        <span aria-hidden=\"true\" class=\"pxl-button-icon pxl-icon right pxli pxli-right-long-arrow\"><\/span>    <\/a>\r\n<\/div>\t\t\t\t<\/div>\n\t\t\t\t<\/div>\n\t\t                    <\/div>\r\n        <\/div>\r\n                <div class=\"elementor-column elementor-col-33 elementor-inner-column elementor-element elementor-element-97d668d col-offset-none pxl-column-element-default pxl-column-overflow-hidden-no\" data-id=\"97d668d\" data-element_type=\"column\">\r\n        <div class=\"elementor-widget-wrap elementor-element-populated\">\r\n                    \t\t<div class=\"elementor-element elementor-element-6c10fbc elementor-widget elementor-widget-pxl_heading\" data-id=\"6c10fbc\" data-element_type=\"widget\" data-widget_type=\"pxl_heading.default\">\n\t\t\t\t<div class=\"elementor-widget-container\">\n\t\t\t\t\t<div class=\"pxl-heading-wrap d-flex\">\n    <div class=\"pxl-heading-inner center \">\n                <h4 class=\"heading-title\">\n                        Ankunft mit dem Bus aus Florenz         <\/h4>\n            <\/div>\n<\/div>\n\n\t\t\t\t<\/div>\n\t\t\t\t<\/div>\n\t\t\t\t<div class=\"elementor-element elementor-element-0a06756 elementor-widget elementor-widget-pxl_text_editor\" data-id=\"0a06756\" data-element_type=\"widget\" data-widget_type=\"pxl_text_editor.default\">\n\t\t\t\t<div class=\"elementor-widget-container\">\n\t\t\t\t\t<div id=\"pxl_text_editor-0a06756-3775\" class=\"pxl-text-editor-wrap d-flex \" >\n\t<div class=\"pxl-text-editor elementor-clearfix\">\n\t\t<p>Im Sommer gibt es eine direkte Verbindung zwischen Florenz und Piombino. Abfahrt erfolgt vom Piazzale Montelungo, Bahnhof Santa Maria Novella, und die Fahrt dauert etwa 2 Stunden und 30 Minuten.<\/p>\t\t\n\t<\/div>\n<\/div>\t\t\t\t<\/div>\n\t\t\t\t<\/div>\n\t\t\t\t<div class=\"elementor-element elementor-element-3d3766a elementor-align-center elementor-widget elementor-widget-pxl_button\" data-id=\"3d3766a\" data-element_type=\"widget\" data-widget_type=\"pxl_button.default\">\n\t\t\t\t<div class=\"elementor-widget-container\">\n\t\t\t\t\t<div id=\"pxl_button-3d3766a-8415\" class=\"pxl-button-wrapper d-flex-wrap pxl-button-layout1\" >\r\n    <a href=\"https:\/\/www.tiemmespa.it\/\" target=\"_blank\" class=\"link-more link icon-ps-right underline- underline_ has-icon\">\r\n        <span class=\"pxl-button-text\">tiemmespa.it<\/span>\r\n        <span aria-hidden=\"true\" class=\"pxl-button-icon pxl-icon right pxli pxli-right-long-arrow\"><\/span>    <\/a>\r\n<\/div>\t\t\t\t<\/div>\n\t\t\t\t<\/div>\n\t\t                    <\/div>\r\n        <\/div>\r\n                <div class=\"elementor-column elementor-col-33 elementor-inner-column elementor-element elementor-element-b050364 col-offset-none pxl-column-element-default pxl-column-overflow-hidden-no\" data-id=\"b050364\" data-element_type=\"column\">\r\n        <div class=\"elementor-widget-wrap elementor-element-populated\">\r\n                    \t\t<div class=\"elementor-element elementor-element-550c01b elementor-widget elementor-widget-pxl_heading\" data-id=\"550c01b\" data-element_type=\"widget\" data-widget_type=\"pxl_heading.default\">\n\t\t\t\t<div class=\"elementor-widget-container\">\n\t\t\t\t\t<div class=\"pxl-heading-wrap d-flex\">\n    <div class=\"pxl-heading-inner center \">\n                <h4 class=\"heading-title\">\n                        Ankunft mit dem Bus aus Siena         <\/h4>\n            <\/div>\n<\/div>\n\n\t\t\t\t<\/div>\n\t\t\t\t<\/div>\n\t\t\t\t<div class=\"elementor-element elementor-element-f29b6e3 elementor-widget elementor-widget-pxl_text_editor\" data-id=\"f29b6e3\" data-element_type=\"widget\" data-widget_type=\"pxl_text_editor.default\">\n\t\t\t\t<div class=\"elementor-widget-container\">\n\t\t\t\t\t<div id=\"pxl_text_editor-f29b6e3-7137\" class=\"pxl-text-editor-wrap d-flex \" >\n\t<div class=\"pxl-text-editor elementor-clearfix\">\n\t\t<p>Im Sommer verkehrt der Mare Bus-Service zwischen Poggibonsi, Siena und Piombino Marittima. Von Siena aus dauert die Fahrt etwa 2 Stunden und 40 Minuten bis zum Hafen von Piombino.<\/p>\t\t\n\t<\/div>\n<\/div>\t\t\t\t<\/div>\n\t\t\t\t<\/div>\n\t\t\t\t<div class=\"elementor-element elementor-element-4bff788 elementor-align-center elementor-widget elementor-widget-pxl_button\" data-id=\"4bff788\" data-element_type=\"widget\" data-widget_type=\"pxl_button.default\">\n\t\t\t\t<div class=\"elementor-widget-container\">\n\t\t\t\t\t<div id=\"pxl_button-4bff788-8540\" class=\"pxl-button-wrapper d-flex-wrap pxl-button-layout1\" >\r\n    <a href=\"https:\/\/www.tiemmespa.it\/\" target=\"_blank\" class=\"link-more link icon-ps-right underline- underline_ has-icon\">\r\n        <span class=\"pxl-button-text\">tiemmespa.it<\/span>\r\n        <span aria-hidden=\"true\" class=\"pxl-button-icon pxl-icon right pxli pxli-right-long-arrow\"><\/span>    <\/a>\r\n<\/div>\t\t\t\t<\/div>\n\t\t\t\t<\/div>\n\t\t                    <\/div>\r\n        <\/div>\r\n        \t\t\t<\/div>\n\t\t<\/section>\n\t\t\t\t<div class=\"elementor-element elementor-element-53b5458 elementor-align-center elementor-align-start elementor-widget elementor-widget-pxl_button\" data-id=\"53b5458\" data-element_type=\"widget\" data-widget_type=\"pxl_button.default\">\n\t\t\t\t<div class=\"elementor-widget-container\">\n\t\t\t\t\t<div id=\"pxl_button-53b5458-7094\" class=\"pxl-button-wrapper d-flex-wrap pxl-button-layout1\" >\r\n    <a href=\"https:\/\/www.casamarisa.it\/traghetti-elba-de.php\" target=\"_blank\" class=\"pxl-btn default icon-ps-right\">\r\n        <span class=\"pxl-button-text\">F\u00e4hrbuchung<\/span>\r\n            <\/a>\r\n<\/div>\t\t\t\t<\/div>\n\t\t\t\t<\/div>\n\t\t                    <\/div>\r\n        <\/div>\r\n        \t\t\t<\/div>\n\t\t<\/section>\n\t\t        <section class=\"elementor-section elementor-top-section elementor-element elementor-element-5b44e82 elementor-section-boxed elementor-section-height-default elementor-section-height-default pxl-section-static-pos-no pxl-section-overflow-hidden-no pxl-container-margin-auto-no\" data-id=\"5b44e82\" data-element_type=\"section\">\n\n                \n                <div class=\"elementor-container elementor-column-gap-default \">\n                <div class=\"elementor-column elementor-col-66 elementor-top-column elementor-element elementor-element-5de6a58 col-offset-none pxl-column-element-default pxl-column-overflow-hidden-no\" data-id=\"5de6a58\" data-element_type=\"column\">\r\n        <div class=\"elementor-widget-wrap elementor-element-populated\">\r\n                    \t\t<div class=\"elementor-element elementor-element-ede4cfd elementor-widget elementor-widget-pxl_heading\" data-id=\"ede4cfd\" data-element_type=\"widget\" data-widget_type=\"pxl_heading.default\">\n\t\t\t\t<div class=\"elementor-widget-container\">\n\t\t\t\t\t<div class=\"pxl-heading-wrap d-flex\">\n    <div class=\"pxl-heading-inner  \">\n                    <div class=\"heading-subtitle divider-left\">\n                <div class=\"subtitle-text  pxl-split-text split-in-right\">ANKUNFT IN MARINA DI CAMPO<\/div>\n            <\/div>\n                <h2 class=\"heading-title pxl-animate pxl-invisible animated-normal\" data-settings=\"{&quot;animation&quot;:&quot;fadeIn&quot;,&quot;animation_delay&quot;:300}\">\n                        Mit dem Flugzeug         <\/h2>\n            <\/div>\n<\/div>\n\n\t\t\t\t<\/div>\n\t\t\t\t<\/div>\n\t\t\t\t<div class=\"elementor-element elementor-element-2df66b3 elementor-invisible pxl-elementor-animate elementor-widget elementor-widget-pxl_text_editor\" data-id=\"2df66b3\" data-element_type=\"widget\" data-settings=\"{&quot;_animation&quot;:&quot;fadeInUp&quot;}\" data-widget_type=\"pxl_text_editor.default\">\n\t\t\t\t<div class=\"elementor-widget-container\">\n\t\t\t\t\t<div id=\"pxl_text_editor-2df66b3-2074\" class=\"pxl-text-editor-wrap d-flex \" >\n\t<div class=\"pxl-text-editor elementor-clearfix\">\n\t\t<p>Es ist auch m\u00f6glich, die Insel Elba mit dem Flugzeug zu erreichen; es gibt einen Flughafen in der N\u00e4he von Marina di Campo, in der Gegend von La Pila, von dem aus Verbindungen zu mehreren italienischen und europ\u00e4ischen St\u00e4dten bestehen.<\/p>\t\t\n\t<\/div>\n<\/div>\t\t\t\t<\/div>\n\t\t\t\t<\/div>\n\t\t                    <\/div>\r\n        <\/div>\r\n                <div class=\"elementor-column elementor-col-33 elementor-top-column elementor-element elementor-element-6543918 col-offset-none pxl-column-element-default pxl-column-overflow-hidden-no\" data-id=\"6543918\" data-element_type=\"column\">\r\n        <div class=\"elementor-widget-wrap elementor-element-populated\">\r\n                    \t\t<div class=\"elementor-element elementor-element-cf57962 elementor-align-end elementor-align-start elementor-widget elementor-widget-pxl_button\" data-id=\"cf57962\" data-element_type=\"widget\" data-widget_type=\"pxl_button.default\">\n\t\t\t\t<div class=\"elementor-widget-container\">\n\t\t\t\t\t<div id=\"pxl_button-cf57962-6378\" class=\"pxl-button-wrapper d-flex-wrap pxl-button-layout1\" >\r\n    <a href=\"http:\/\/www.elbaisland-airport.it\/\" target=\"_blank\" class=\"pxl-btn default icon-ps-right\">\r\n        <span class=\"pxl-button-text\">elbaisland-airport.it<\/span>\r\n            <\/a>\r\n<\/div>\t\t\t\t<\/div>\n\t\t\t\t<\/div>\n\t\t                    <\/div>\r\n        <\/div>\r\n        \t\t\t<\/div>\n\t\t<\/section>\n\t\t\t\t<\/div>\n\t\t","protected":false},"excerpt":{"rendered":"<p>Ankunft im Hafen von Piombino Mit dem Auto Elba ist mit dem Auto erreichbar, indem man in Piombino auf die F\u00e4hre geht, wo mehrere Reedereien komfortable F\u00e4hren mit zahlreichen t\u00e4glichen Verbindungen betreiben. Aus dem Norden: Autobahn A12 Richtung Genua-Livorno, Ausfahrt Rosignano. Weiter auf der S.S. Aurelia bis Venturina-Isola d&#8217;Elba und dann weiter nach Piombino Marittima. [&hellip;]<\/p>\n","protected":false},"author":2,"featured_media":0,"parent":0,"menu_order":0,"comment_status":"closed","ping_status":"closed","template":"","meta":{"footnotes":""},"class_list":["post-18159","page","type-page","status-publish","hentry"],"_links":{"self":[{"href":"https:\/\/www.casamarisa.it\/de\/wp-json\/wp\/v2\/pages\/18159","targetHints":{"allow":["GET"]}}],"collection":[{"href":"https:\/\/www.casamarisa.it\/de\/wp-json\/wp\/v2\/pages"}],"about":[{"href":"https:\/\/www.casamarisa.it\/de\/wp-json\/wp\/v2\/types\/page"}],"author":[{"embeddable":true,"href":"https:\/\/www.casamarisa.it\/de\/wp-json\/wp\/v2\/users\/2"}],"replies":[{"embeddable":true,"href":"https:\/\/www.casamarisa.it\/de\/wp-json\/wp\/v2\/comments?post=18159"}],"version-history":[{"count":5,"href":"https:\/\/www.casamarisa.it\/de\/wp-json\/wp\/v2\/pages\/18159\/revisions"}],"predecessor-version":[{"id":18869,"href":"https:\/\/www.casamarisa.it\/de\/wp-json\/wp\/v2\/pages\/18159\/revisions\/18869"}],"wp:attachment":[{"href":"https:\/\/www.casamarisa.it\/de\/wp-json\/wp\/v2\/media?parent=18159"}],"curies":[{"name":"wp","href":"https:\/\/api.w.org\/{rel}","templated":true}]}}