{"id":18161,"date":"2022-08-29T04:53:04","date_gmt":"2022-08-29T02:53:04","guid":{"rendered":"http:\/\/casamarisa.youelba.com\/contatti\/"},"modified":"2025-01-13T14:23:12","modified_gmt":"2025-01-13T13:23:12","slug":"kontakt","status":"publish","type":"page","link":"https:\/\/www.casamarisa.it\/de\/kontakt\/","title":{"rendered":"Kontakt"},"content":{"rendered":"\t\t<div data-elementor-type=\"wp-page\" data-elementor-id=\"18161\" class=\"elementor elementor-18161 elementor-243\">\n\t\t\t\t        <section class=\"elementor-section elementor-top-section elementor-element elementor-element-8e2eec4 elementor-section-boxed elementor-section-height-default elementor-section-height-default pxl-section-static-pos-no pxl-section-overflow-hidden-no pxl-container-margin-auto-no\" data-id=\"8e2eec4\" data-element_type=\"section\" data-settings=\"{&quot;background_background&quot;:&quot;classic&quot;}\">\n\n                \n                <div class=\"elementor-container elementor-column-gap-default \">\n                <div class=\"elementor-column elementor-col-100 elementor-top-column elementor-element elementor-element-3dd503e col-offset-none pxl-column-element-default pxl-column-overflow-hidden-no elementor-invisible pxl-elementor-animate\" data-id=\"3dd503e\" data-element_type=\"column\" data-settings=\"{&quot;animation&quot;:&quot;fadeInUp&quot;}\">\r\n        <div class=\"elementor-widget-wrap elementor-element-populated\">\r\n                    \t\t<div class=\"elementor-element elementor-element-93cbcd3 elementor-widget elementor-widget-pxl_heading\" data-id=\"93cbcd3\" data-element_type=\"widget\" data-widget_type=\"pxl_heading.default\">\n\t\t\t\t<div class=\"elementor-widget-container\">\n\t\t\t\t\t<div class=\"pxl-heading-wrap d-flex\">\n    <div class=\"pxl-heading-inner center \">\n                <h2 class=\"heading-title\">\n                        Verf\u00fcgbarkeitsanfrage         <\/h2>\n            <\/div>\n<\/div>\n\n\t\t\t\t<\/div>\n\t\t\t\t<\/div>\n\t\t\t\t<div class=\"elementor-element elementor-element-da3adc3 elementor-widget elementor-widget-pxl_text_editor\" data-id=\"da3adc3\" data-element_type=\"widget\" data-widget_type=\"pxl_text_editor.default\">\n\t\t\t\t<div class=\"elementor-widget-container\">\n\t\t\t\t\t<div id=\"pxl_text_editor-da3adc3-3217\" class=\"pxl-text-editor-wrap d-flex \" >\n\t<div class=\"pxl-text-editor elementor-clearfix\">\n\t\t<p>Wenn Sie dieses Formular ausf\u00fcllen wird Ihre Anfrage weitergeleitet.<\/p><p>Die markierten (*) Felder m\u00fcssen bitte ausgef\u00fcllt werden<\/p>\t\t\n\t<\/div>\n<\/div>\t\t\t\t<\/div>\n\t\t\t\t<\/div>\n\t\t\t\t<div class=\"elementor-element elementor-element-b305784 elementor-widget elementor-widget-pxl_contact_form\" data-id=\"b305784\" data-element_type=\"widget\" data-widget_type=\"pxl_contact_form.default\">\n\t\t\t\t<div class=\"elementor-widget-container\">\n\t\t\t\t\t<div class=\"pxl-cf7-wrap relative \">\r\n    \n<div class=\"wpcf7 no-js\" id=\"wpcf7-f18838-o1\" lang=\"en-US\" dir=\"ltr\" data-wpcf7-id=\"18838\">\n<div class=\"screen-reader-response\"><p role=\"status\" aria-live=\"polite\" aria-atomic=\"true\"><\/p> <ul><\/ul><\/div>\n<form action=\"\/de\/wp-json\/wp\/v2\/pages\/18161#wpcf7-f18838-o1\" method=\"post\" class=\"wpcf7-form init\" aria-label=\"Contact form\" novalidate=\"novalidate\" data-status=\"init\">\n<div style=\"display: none;\">\n<input type=\"hidden\" name=\"_wpcf7\" value=\"18838\" \/>\n<input type=\"hidden\" name=\"_wpcf7_version\" value=\"6.0.6\" \/>\n<input type=\"hidden\" name=\"_wpcf7_locale\" value=\"en_US\" \/>\n<input type=\"hidden\" name=\"_wpcf7_unit_tag\" value=\"wpcf7-f18838-o1\" \/>\n<input type=\"hidden\" name=\"_wpcf7_container_post\" value=\"0\" \/>\n<input type=\"hidden\" name=\"_wpcf7_posted_data_hash\" value=\"\" \/>\n<input type=\"hidden\" name=\"_wpcf7_recaptcha_response\" value=\"\" \/>\n<\/div>\n<div class=\"contact-form-main\">\n\t<div class=\"row\">\n\t\t<div class=\"col-12 col-md-4\">\n\t\t\t<div class=\"control-item\">\n\t\t\t\t<p><label>Vor- und Nachname*<\/label><br \/>\n<span class=\"wpcf7-form-control-wrap\" data-name=\"your-name\"><input size=\"40\" maxlength=\"400\" class=\"wpcf7-form-control wpcf7-text wpcf7-validates-as-required\" aria-required=\"true\" aria-invalid=\"false\" value=\"\" type=\"text\" name=\"your-name\" \/><\/span>\n\t\t\t\t<\/p>\n\t\t\t<\/div>\n\t\t<\/div>\n\t\t<div class=\"col-12 col-md-4\">\n\t\t\t<div class=\"control-item\">\n\t\t\t\t<p><label>Email*<\/label><br \/>\n<span class=\"wpcf7-form-control-wrap\" data-name=\"your-email\"><input size=\"40\" maxlength=\"400\" class=\"wpcf7-form-control wpcf7-email wpcf7-validates-as-required wpcf7-text wpcf7-validates-as-email\" aria-required=\"true\" aria-invalid=\"false\" value=\"\" type=\"email\" name=\"your-email\" \/><\/span>\n\t\t\t\t<\/p>\n\t\t\t<\/div>\n\t\t<\/div>\n\t\t<div class=\"col-12 col-md-4\">\n\t\t\t<div class=\"control-item\">\n\t\t\t\t<p><label>Telefon<\/label><br \/>\n<span class=\"wpcf7-form-control-wrap\" data-name=\"phone-number\"><input size=\"40\" maxlength=\"400\" class=\"wpcf7-form-control wpcf7-tel wpcf7-text wpcf7-validates-as-tel\" aria-invalid=\"false\" value=\"\" type=\"tel\" name=\"phone-number\" \/><\/span>\n\t\t\t\t<\/p>\n\t\t\t<\/div>\n\t\t<\/div>\n\t<\/div>\n\t<div class=\"row\">\n\t\t<div class=\"col-12 col-md-6\">\n\t\t\t<div class=\"control-item\">\n\t\t\t\t<p><label>Ankunftsdatum<\/label><br \/>\n<span class=\"wpcf7-form-control-wrap\" data-name=\"datadiarrivo\"><input class=\"wpcf7-form-control wpcf7-date wpcf7-validates-as-date\" aria-invalid=\"false\" value=\"\" type=\"date\" name=\"datadiarrivo\" \/><\/span>\n\t\t\t\t<\/p>\n\t\t\t<\/div>\n\t\t<\/div>\n\t\t<div class=\"col-12 col-md-6\">\n\t\t\t<div class=\"control-item\">\n\t\t\t\t<p><label>Abreisedatum<\/label><br \/>\n<span class=\"wpcf7-form-control-wrap\" data-name=\"datadipartenza\"><input class=\"wpcf7-form-control wpcf7-date wpcf7-validates-as-date\" aria-invalid=\"false\" value=\"\" type=\"date\" name=\"datadipartenza\" \/><\/span>\n\t\t\t\t<\/p>\n\t\t\t<\/div>\n\t\t<\/div>\n\t<\/div>\n\t<div class=\"row\">\n\t\t<div class=\"col-12 col-md-4\">\n\t\t\t<div class=\"control-item\">\n\t\t\t\t<p><label>Anzahl Erwachsene<\/label><br \/>\n<span class=\"wpcf7-form-control-wrap\" data-name=\"numero-adulti\"><input class=\"wpcf7-form-control wpcf7-number wpcf7-validates-as-number\" aria-invalid=\"false\" value=\"\" type=\"number\" name=\"numero-adulti\" \/><\/span>\n\t\t\t\t<\/p>\n\t\t\t<\/div>\n\t\t<\/div>\n\t\t<div class=\"col-12 col-md-4\">\n\t\t\t<div class=\"control-item\">\n\t\t\t\t<p><label>Anzahl der Kinder<\/label><br \/>\n<span class=\"wpcf7-form-control-wrap\" data-name=\"numero-bambini\"><input class=\"wpcf7-form-control wpcf7-number wpcf7-validates-as-number\" aria-invalid=\"false\" value=\"\" type=\"number\" name=\"numero-bambini\" \/><\/span>\n\t\t\t\t<\/p>\n\t\t\t<\/div>\n\t\t<\/div>\n\t\t<div class=\"col-12 col-md-4\">\n\t\t\t<div class=\"control-item\">\n\t\t\t\t<p><label>Alter der Kinder<\/label><br \/>\n<span class=\"wpcf7-form-control-wrap\" data-name=\"eta-bambini\"><input class=\"wpcf7-form-control wpcf7-number wpcf7-validates-as-number\" aria-invalid=\"false\" value=\"\" type=\"number\" name=\"eta-bambini\" \/><\/span>\n\t\t\t\t<\/p>\n\t\t\t<\/div>\n\t\t<\/div>\n\t<\/div>\n\t<div class=\"row\">\n\t\t<div class=\"col-12 col-md-6\">\n\t\t\t<div class=\"control-item\">\n\t\t\t\t<p><label>Tiere<\/label><br \/>\n<span class=\"wpcf7-form-control-wrap\" data-name=\"animali\"><select class=\"wpcf7-form-control wpcf7-select\" aria-invalid=\"false\" name=\"animali\"><option value=\"Nein\">Nein<\/option><option value=\"Ja\">Ja<\/option><\/select><\/span>\n\t\t\t\t<\/p>\n\t\t\t<\/div>\n\t\t<\/div>\n\t\t<div class=\"col-12 col-md-6\">\n\t\t\t<div class=\"control-item\">\n\t\t\t\t<p><label>Gr\u00f6\u00dfe<\/label><br \/>\n<span class=\"wpcf7-form-control-wrap\" data-name=\"taglia\"><select class=\"wpcf7-form-control wpcf7-select\" aria-invalid=\"false\" name=\"taglia\"><option value=\"--\">--<\/option><option value=\"Klein\">Klein<\/option><option value=\"Mittel\">Mittel<\/option><option value=\"Gro\u00df\">Gro\u00df<\/option><\/select><\/span>\n\t\t\t\t<\/p>\n\t\t\t<\/div>\n\t\t<\/div>\n\t<\/div>\n\t<div class=\"row\">\n\t\t<div class=\"col-12\">\n\t\t\t<div class=\"control-item\">\n\t\t\t\t<p><label>Nachricht*<\/label><br \/>\n<span class=\"wpcf7-form-control-wrap\" data-name=\"your-message\"><textarea cols=\"40\" rows=\"10\" maxlength=\"2000\" class=\"wpcf7-form-control wpcf7-textarea wpcf7-validates-as-required\" aria-required=\"true\" aria-invalid=\"false\" name=\"your-message\"><\/textarea><\/span>\n\t\t\t\t<\/p>\n\t\t\t<\/div>\n\t\t<\/div>\n\t<\/div>\n\t<div class=\"row\">\n\t\t<div class=\"col-12\">\n\t\t\t<div class=\"form-check form-check-inline\">\n\t\t\t\t<p><span class=\"wpcf7-form-control-wrap\" data-name=\"acceptance-720\"><span class=\"wpcf7-form-control wpcf7-acceptance\"><span class=\"wpcf7-list-item\"><label><input type=\"checkbox\" name=\"acceptance-720\" value=\"1\" aria-invalid=\"false\" \/><span class=\"wpcf7-list-item-label\">Privacy: Die Datenschutzbestimmungen haben ich gelesen und autorisiere Sie zur Verarbeitung meiner personenbezogenen Daten gem\u00e4\u00df der EU-Verordnung 2016\/679. Ich best\u00e4tige, dass ich \u00e4lter als 16 Jahre alt bin.<\/span><\/label><\/span><\/span><\/span>\n\t\t\t\t<\/p>\n\t\t\t<\/div>\n\t\t<\/div>\n\t\t<div class=\"col-12\">\n\t\t\t<div class=\"control-item btn-form\">\n\t\t\t\t<p><button class=\"pxl-btn\" type=\"submit\">Senden<\/button>\n\t\t\t\t<\/p>\n\t\t\t<\/div>\n\t\t<\/div>\n\t<\/div>\n<\/div><div class=\"wpcf7-response-output\" aria-hidden=\"true\"><\/div>\n<\/form>\n<\/div>\n \r\n<\/div>\t\t\t\t<\/div>\n\t\t\t\t<\/div>\n\t\t                    <\/div>\r\n        <\/div>\r\n        \t\t\t<\/div>\n\t\t<\/section>\n\t\t        <section class=\"elementor-section elementor-top-section elementor-element elementor-element-196e004 elementor-section-full_width elementor-section-content-middle elementor-reverse-tablet elementor-reverse-mobile_extra elementor-reverse-mobile elementor-section-height-default elementor-section-height-default pxl-section-offset-none pxl-section-static-pos-no pxl-section-overflow-hidden-no pxl-container-margin-auto-no\" data-id=\"196e004\" data-element_type=\"section\" data-settings=\"{&quot;background_background&quot;:&quot;classic&quot;}\">\n\n                \n                <div class=\"elementor-container elementor-column-gap-no \">\n                <div class=\"elementor-column elementor-col-50 elementor-top-column elementor-element elementor-element-e0e748a pxl-column-overflow-hidden-yes col-offset-none pxl-column-element-default pxl-pll-transform\" data-id=\"e0e748a\" data-element_type=\"column\" data-settings=\"{&quot;background_background&quot;:&quot;classic&quot;}\">\r\n        <div class=\"elementor-widget-wrap elementor-element-populated\">\r\n            <div class=\"pxl-column-bg-parallax-outer\"><div class=\"pxl-column-bg-parallax\" data-parallax=\"{&quot;scale&quot;:1.1}\"><\/div><\/div>        \t\t<div class=\"elementor-element elementor-element-b74ba29 elementor-widget elementor-widget-pxl_divider\" data-id=\"b74ba29\" data-element_type=\"widget\" data-widget_type=\"pxl_divider.default\">\n\t\t\t\t<div class=\"elementor-widget-container\">\n\t\t\t\t\t<div class=\"pxl-divider horizontal  \"><div class=\"pxl-divider-separator\"><\/div><\/div>\t\t\t\t<\/div>\n\t\t\t\t<\/div>\n\t\t                    <\/div>\r\n        <\/div>\r\n                <div class=\"elementor-column elementor-col-50 elementor-top-column elementor-element elementor-element-b12835c col-offset-right-container-1625 col-offset-none pxl-column-element-default pxl-column-overflow-hidden-no\" data-id=\"b12835c\" data-element_type=\"column\" data-settings=\"{&quot;background_background&quot;:&quot;classic&quot;}\">\r\n        <div class=\"elementor-widget-wrap elementor-element-populated\">\r\n                    \t\t<div class=\"elementor-element elementor-element-2a2995c elementor-invisible pxl-elementor-animate elementor-widget elementor-widget-pxl_heading\" data-id=\"2a2995c\" data-element_type=\"widget\" data-settings=\"{&quot;_animation&quot;:&quot;fadeInUp&quot;}\" data-widget_type=\"pxl_heading.default\">\n\t\t\t\t<div class=\"elementor-widget-container\">\n\t\t\t\t\t<div class=\"pxl-heading-wrap d-flex\">\n    <div class=\"pxl-heading-inner  \">\n                <h2 class=\"heading-title\">\n                        Brauchen Sie Hilfe bei Ihrer Buchung oder haben Sie Fragen? Rufen Sie uns an f\u00fcr weitere Informationen!         <\/h2>\n            <\/div>\n<\/div>\n\n\t\t\t\t<\/div>\n\t\t\t\t<\/div>\n\t\t\t\t<div class=\"elementor-element elementor-element-da359b0 pxl-contact-info-layout-1 elementor-invisible pxl-elementor-animate elementor-widget elementor-widget-pxl_contact_info\" data-id=\"da359b0\" data-element_type=\"widget\" data-settings=\"{&quot;_animation&quot;:&quot;fadeInUp&quot;}\" data-widget_type=\"pxl_contact_info.default\">\n\t\t\t\t<div class=\"elementor-widget-container\">\n\t\t\t\t\t<div class=\"pxl-ci-wrap layout-1 relative \">\r\n\t<div class=\"ci-content-wrap d-flex align-items-center\">\r\n\t\t            <div class=\"ci-icon\">\r\n                <span aria-hidden=\"true\" class=\"pxl-icon fat fa-phone\"><\/span>            <\/div>\r\n        \t\t<div class=\"ci-content\">\r\n\t\t\t\t\t\t\t<h4 class=\"ci-title\">Kontaktinformationen<\/h4> \r\n\t\t\t\t\t\t\t\t\t\t<div class=\"ci-desc\">Telefon: <a href=\"tel:+390565933074\">+39 0565 933074<\/a> <br \/>\nMobil <a href=\"tel:393473740656\">+39 347 3740656<\/a> <br \/>\nEmail: <a href=\"info@casamarisa.it\">info@casamarisa.it<\/a><\/div> \r\n\t\t\t\t\t\t\t\t<\/div>\r\n\t<\/div>\r\n<\/div>\t\t\t\t<\/div>\n\t\t\t\t<\/div>\n\t\t\t\t<div class=\"elementor-element elementor-element-95b7e73 elementor-align-center elementor-invisible pxl-elementor-animate elementor-widget elementor-widget-pxl_button\" data-id=\"95b7e73\" data-element_type=\"widget\" data-settings=\"{&quot;_animation&quot;:&quot;fadeInUp&quot;}\" data-widget_type=\"pxl_button.default\">\n\t\t\t\t<div class=\"elementor-widget-container\">\n\t\t\t\t\t<div id=\"pxl_button-95b7e73-4321\" class=\"pxl-button-wrapper d-flex-wrap pxl-button-layout1\" >\r\n    <a href=\"https:\/\/www.casamarisa.it\/traghetti-elba-de.php\" target=\"_blank\" class=\"pxl-btn default icon-ps-right\">\r\n        <span class=\"pxl-button-text\">F\u00c4HRBUCHUNGEN<\/span>\r\n            <\/a>\r\n<\/div>\t\t\t\t<\/div>\n\t\t\t\t<\/div>\n\t\t                    <\/div>\r\n        <\/div>\r\n        \t\t\t<\/div>\n\t\t<\/section>\n\t\t\t\t<\/div>\n\t\t","protected":false},"excerpt":{"rendered":"<p>Verf\u00fcgbarkeitsanfrage Wenn Sie dieses Formular ausf\u00fcllen wird Ihre Anfrage weitergeleitet. Die markierten (*) Felder m\u00fcssen bitte ausgef\u00fcllt werden Nome e cognome* Email* Telefono* Data di arrivo Data di partenza Numero adulti* Numero bambini* Et\u00e0 bambini* Animali SiNo Taglia PiccolaMediaTaglia Messaggio* Privacy: L&#8217;utente prende atto dei diritti riconosciuti dall&#8217;art. 3 della Legge n. 675\/96 sul trattamento [&hellip;]<\/p>\n","protected":false},"author":1,"featured_media":0,"parent":0,"menu_order":0,"comment_status":"closed","ping_status":"closed","template":"","meta":{"footnotes":""},"class_list":["post-18161","page","type-page","status-publish","hentry"],"_links":{"self":[{"href":"https:\/\/www.casamarisa.it\/de\/wp-json\/wp\/v2\/pages\/18161","targetHints":{"allow":["GET"]}}],"collection":[{"href":"https:\/\/www.casamarisa.it\/de\/wp-json\/wp\/v2\/pages"}],"about":[{"href":"https:\/\/www.casamarisa.it\/de\/wp-json\/wp\/v2\/types\/page"}],"author":[{"embeddable":true,"href":"https:\/\/www.casamarisa.it\/de\/wp-json\/wp\/v2\/users\/1"}],"replies":[{"embeddable":true,"href":"https:\/\/www.casamarisa.it\/de\/wp-json\/wp\/v2\/comments?post=18161"}],"version-history":[{"count":5,"href":"https:\/\/www.casamarisa.it\/de\/wp-json\/wp\/v2\/pages\/18161\/revisions"}],"predecessor-version":[{"id":18841,"href":"https:\/\/www.casamarisa.it\/de\/wp-json\/wp\/v2\/pages\/18161\/revisions\/18841"}],"wp:attachment":[{"href":"https:\/\/www.casamarisa.it\/de\/wp-json\/wp\/v2\/media?parent=18161"}],"curies":[{"name":"wp","href":"https:\/\/api.w.org\/{rel}","templated":true}]}}