{"id":18165,"date":"2024-09-30T11:29:05","date_gmt":"2024-09-30T09:29:05","guid":{"rendered":"http:\/\/casamarisa.youelba.com\/appartamenti\/casa-delle-rose\/"},"modified":"2024-12-11T11:04:57","modified_gmt":"2024-12-11T10:04:57","slug":"casa-delle-rose","status":"publish","type":"page","link":"https:\/\/www.casamarisa.it\/de\/wohnungen\/casa-delle-rose\/","title":{"rendered":"Casa delle Rose"},"content":{"rendered":"\t\t<div data-elementor-type=\"wp-page\" data-elementor-id=\"18165\" class=\"elementor elementor-18165 elementor-16757\">\n\t\t\t\t        <section class=\"elementor-section elementor-top-section elementor-element elementor-element-f6d0273 clip-path-3 elementor-section-content-middle elementor-section-boxed elementor-section-height-default elementor-section-height-default pxl-section-static-pos-no pxl-section-overflow-hidden-no pxl-container-margin-auto-no\" data-id=\"f6d0273\" data-element_type=\"section\" data-settings=\"{&quot;background_background&quot;:&quot;classic&quot;}\">\n\n                \n                <div class=\"elementor-container elementor-column-gap-default \">\n                <div class=\"elementor-column elementor-col-50 elementor-top-column elementor-element elementor-element-426ae41 col-offset-none pxl-column-element-default pxl-column-overflow-hidden-no\" data-id=\"426ae41\" data-element_type=\"column\">\r\n        <div class=\"elementor-widget-wrap elementor-element-populated\">\r\n                    \t\t<div class=\"elementor-element elementor-element-e12c9aa elementor-widget elementor-widget-pxl_heading\" data-id=\"e12c9aa\" data-element_type=\"widget\" data-widget_type=\"pxl_heading.default\">\n\t\t\t\t<div class=\"elementor-widget-container\">\n\t\t\t\t\t<div class=\"pxl-heading-wrap d-flex\">\n    <div class=\"pxl-heading-inner  \">\n                    <div class=\"heading-subtitle divider-left\">\n                <div class=\"subtitle-text  pxl-split-text split-in-right\">DREIZIMMERWOHNUNG<\/div>\n            <\/div>\n                <h2 class=\"heading-title\">\n                        Gro\u00dfe Veranda mit Blick auf den Weinberg         <\/h2>\n            <\/div>\n<\/div>\n\n\t\t\t\t<\/div>\n\t\t\t\t<\/div>\n\t\t\t\t<div class=\"elementor-element elementor-element-f88452b elementor-widget-tablet__width-initial elementor-widget-mobile_extra__width-inherit elementor-widget elementor-widget-pxl_text_editor\" data-id=\"f88452b\" data-element_type=\"widget\" data-widget_type=\"pxl_text_editor.default\">\n\t\t\t\t<div class=\"elementor-widget-container\">\n\t\t\t\t\t<div id=\"pxl_text_editor-f88452b-5647\" class=\"pxl-text-editor-wrap d-flex \" >\n\t<div class=\"pxl-text-editor elementor-clearfix\">\n\t\t<p>Das Haus der Rosen verf\u00fcgt \u00fcber ein gro\u00dfes Wohnzimmer mit Schlafsofa und eine K\u00fcche mit gro\u00dfen Fenstern, die auf das Herz des Bauernhofs blicken. Die K\u00fcche ist voll ausgestattet mit Geschirrsp\u00fcler, Backofen und elektrischem Minibackofen. Die zwei Schlafzimmer bestehen aus einem Doppelzimmer und einem zweiten mit zwei Einzelbetten, die bei Bedarf zu einem Doppelbett zusammengef\u00fcgt werden k\u00f6nnen. Das Badezimmer ist ger\u00e4umig und mit einer komfortablen Dusche ausgestattet.<\/p><p>Alle R\u00e4ume sind gro\u00dfz\u00fcgig und hell und bieten maximalen Komfort. Die Fu\u00dfbodenheizung und der Holzofen machen die Wohnung auch im Winter bewohnbar.<\/p><p>Das Haus ist von einem gro\u00dfen privaten Garten umgeben, der mit einer Au\u00dfendusche, Liegest\u00fchlen, einem Tisch und St\u00fchlen f\u00fcr Abendessen bei Kerzenlicht im Freien ausgestattet ist \u2013 alles in v\u00f6lliger Entspannung.<\/p>\t\t\n\t<\/div>\n<\/div>\t\t\t\t<\/div>\n\t\t\t\t<\/div>\n\t\t\t\t<div class=\"elementor-element elementor-element-bdd3551 elementor-widget elementor-widget-pxl_heading\" data-id=\"bdd3551\" data-element_type=\"widget\" data-widget_type=\"pxl_heading.default\">\n\t\t\t\t<div class=\"elementor-widget-container\">\n\t\t\t\t\t<div class=\"pxl-heading-wrap d-flex\">\n    <div class=\"pxl-heading-inner  \">\n                    <div class=\"heading-subtitle \">\n                <div class=\"subtitle-text \">Inklusive Leistungen<\/div>\n            <\/div>\n                <p class=\"heading-title\">\n                        Bett- und Badw\u00e4sche mit w\u00f6chentlichem Wechsel, privater Parkplatz auf dem Grundst\u00fcck, Grill, Waschmaschine, Au\u00dfendusche, TV und Wi-Fi.<br \/>\n<br \/>\nEndreinigung (ein kleiner Aufpreis von 20,00 \u20ac wird f\u00fcr Aufenthalte mit Haustieren berechnet).<br \/>\n<br \/>\nEin Reisebett und ein Hochstuhl f\u00fcr kleine Kinder sind auf Anfrage und je nach Verf\u00fcgbarkeit erh\u00e4ltlich.<br \/>\n<br \/>\nGut erzogene, kleine Haustiere sind willkommen \u2013 bitte informieren Sie uns im Voraus.         <\/p>\n            <\/div>\n<\/div>\n\n\t\t\t\t<\/div>\n\t\t\t\t<\/div>\n\t\t\t\t<div class=\"elementor-element elementor-element-3a6baa0 elementor-widget elementor-widget-pxl_heading\" data-id=\"3a6baa0\" data-element_type=\"widget\" data-widget_type=\"pxl_heading.default\">\n\t\t\t\t<div class=\"elementor-widget-container\">\n\t\t\t\t\t<div class=\"pxl-heading-wrap d-flex\">\n    <div class=\"pxl-heading-inner  \">\n                    <div class=\"heading-subtitle \">\n                <div class=\"subtitle-text \">Nicht inbegriffene Leistungen<\/div>\n            <\/div>\n                <p class=\"heading-title\">\n                        T\u00e4glicher W\u00e4schewechsel und t\u00e4gliche Reinigung.         <\/p>\n            <\/div>\n<\/div>\n\n\t\t\t\t<\/div>\n\t\t\t\t<\/div>\n\t\t\t\t<div class=\"elementor-element elementor-element-6d95358 elementor-widget elementor-widget-pxl_button\" data-id=\"6d95358\" data-element_type=\"widget\" data-widget_type=\"pxl_button.default\">\n\t\t\t\t<div class=\"elementor-widget-container\">\n\t\t\t\t\t<div id=\"pxl_button-6d95358-8653\" class=\"pxl-button-wrapper d-flex-wrap pxl-button-layout1\" >\r\n    <a href=\"\/de\/kontakt\/\" class=\"pxl-btn default icon-ps-right\">\r\n        <span class=\"pxl-button-text\">JETZT BUCHEN<\/span>\r\n            <\/a>\r\n<\/div>\t\t\t\t<\/div>\n\t\t\t\t<\/div>\n\t\t                    <\/div>\r\n        <\/div>\r\n                <div class=\"elementor-column elementor-col-50 elementor-top-column elementor-element elementor-element-67d849e col-offset-none pxl-column-element-default pxl-column-overflow-hidden-no\" data-id=\"67d849e\" data-element_type=\"column\">\r\n        <div class=\"elementor-widget-wrap elementor-element-populated\">\r\n                    \t\t<div class=\"elementor-element elementor-element-4457d49 elementor-widget elementor-widget-pxl_image\" data-id=\"4457d49\" data-element_type=\"widget\" data-widget_type=\"pxl_image.default\">\n\t\t\t\t<div class=\"elementor-widget-container\">\n\t\t\t\t\t<div id=\"pxl_image-4457d49-7536\" class=\"pxl-image-wg pxl-skew-in-right default pxl-bg-parallax pxl-pll-transform\">\r\n\t\t\t<img fetchpriority=\"high\" decoding=\"async\" width=\"754\" height=\"703\" src=\"https:\/\/www.casamarisa.it\/wp-content\/uploads\/2024\/09\/Agriturismo-Casa-Marisa-Casa-delle-Rose-6408.jpg\" class=\"attachment-full size-full wp-image-16775\" alt=\"Casa delle Rose\" \/>\t\t\t\t\t<div class=\"parallax-inner\" data-parallax=\"{&quot;x&quot;:-50}\"  style=\"--pxl-image-bg-parallax-inner: url(https:\/\/www.casamarisa.it\/wp-content\/uploads\/2024\/09\/Agriturismo-Casa-Marisa-Casa-delle-Rose-6408.jpg)\"><\/div>\r\n\t\t\t<\/div>\r\n\t\t\t\t<\/div>\n\t\t\t\t<\/div>\n\t\t                    <\/div>\r\n        <\/div>\r\n        \t\t\t<\/div>\n\t\t<\/section>\n\t\t        <section class=\"elementor-section elementor-top-section elementor-element elementor-element-c9fdf9a elementor-section-full_width elementor-section-height-default elementor-section-height-default pxl-section-offset-none pxl-section-static-pos-no pxl-section-overflow-hidden-no pxl-container-margin-auto-no\" data-id=\"c9fdf9a\" data-element_type=\"section\">\n\n                \n                <div class=\"elementor-container elementor-column-gap-no \">\n                <div class=\"elementor-column elementor-col-100 elementor-top-column elementor-element elementor-element-3ca29bf col-offset-none pxl-column-element-default pxl-column-overflow-hidden-no\" data-id=\"3ca29bf\" data-element_type=\"column\">\r\n        <div class=\"elementor-widget-wrap elementor-element-populated\">\r\n                    \t\t<div class=\"elementor-element elementor-element-64665d2 pxl-gallery-carousel-layout-2 pxl-swiper-arrows-true pxl-bg-mode-basic pxl-swiper-dots-false pxl-swiper-dots-color-mode-df elementor-widget elementor-widget-pxl_gallery_carousel\" data-id=\"64665d2\" data-element_type=\"widget\" data-widget_type=\"pxl_gallery_carousel.default\">\n\t\t\t\t<div class=\"elementor-widget-container\">\n\t\t\t\t\t \r\n<div class=\"pxl-swiper-slider pxl-gallery-carousel layout-2  basic\">\r\n    <div class=\"pxl-swiper-slider-wrap pxl-carousel-inner overflow-hidden\">\r\n        <div class=\"pxl-swiper-container\" dir=\"ltr\" data-settings=\"{&quot;slide_direction&quot;:&quot;horizontal&quot;,&quot;slide_percolumn&quot;:1,&quot;slide_mode&quot;:&quot;slide&quot;,&quot;slides_to_show_xxl&quot;:3,&quot;slides_to_show&quot;:3,&quot;slides_to_show_lg&quot;:3,&quot;slides_to_show_md&quot;:2,&quot;slides_to_show_sm&quot;:2,&quot;slides_to_show_xs&quot;:2,&quot;slides_to_scroll&quot;:1,&quot;slides_gutter&quot;:0,&quot;center_slide&quot;:false,&quot;dots_style&quot;:&quot;bullets&quot;,&quot;autoplay&quot;:false,&quot;pause_on_hover&quot;:false,&quot;pause_on_interaction&quot;:true,&quot;delay&quot;:5000,&quot;loop&quot;:false,&quot;speed&quot;:500}\">\r\n            <div class=\"pxl-swiper-wrapper swiper-wrapper\">\r\n                                    <div class=\"pxl-swiper-slide swiper-slide\">\r\n                        <div class=\"item-inner relative overflow-hidden \">\r\n                                                            <div class=\"item-image\">\r\n                                    <img decoding=\"async\" class=\"no-lazyload \" src=\"https:\/\/www.casamarisa.it\/wp-content\/uploads\/2024\/09\/Agriturismo-Casa-Marisa-Casa-delle-Rose-6547-640x611.jpg\" width=\"640\" height=\"611\" alt=\"Casa delle Rose\" title=\"Casa delle Rose - Agriturismo Casa Marisa\" \/>                                <\/div>\r\n                                                                                                <div class=\"pxl-overlay\"><\/div>\r\n                                <a data-elementor-lightbox-slideshow=\"64665d2\" class=\"pxl-galleries-light-box\" href=\"https:\/\/www.casamarisa.it\/wp-content\/uploads\/2024\/09\/Agriturismo-Casa-Marisa-Casa-delle-Rose-6547.jpg\" data-id=\"16777\" data-elementor-lightbox-title=\"\"><\/a>\r\n                                                    <\/div>\r\n                    <\/div>\r\n                                    <div class=\"pxl-swiper-slide swiper-slide\">\r\n                        <div class=\"item-inner relative overflow-hidden \">\r\n                                                            <div class=\"item-image\">\r\n                                    <img decoding=\"async\" class=\"no-lazyload \" src=\"https:\/\/www.casamarisa.it\/wp-content\/uploads\/2024\/09\/Agriturismo-Casa-Marisa-Casa-delle-Rose-6452-640x611.jpg\" width=\"640\" height=\"611\" alt=\"Casa delle Rose\" title=\"Casa delle Rose - Agriturismo Casa Marisa\" \/>                                <\/div>\r\n                                                                                                <div class=\"pxl-overlay\"><\/div>\r\n                                <a data-elementor-lightbox-slideshow=\"64665d2\" class=\"pxl-galleries-light-box\" href=\"https:\/\/www.casamarisa.it\/wp-content\/uploads\/2024\/09\/Agriturismo-Casa-Marisa-Casa-delle-Rose-6452.jpg\" data-id=\"16778\" data-elementor-lightbox-title=\"\"><\/a>\r\n                                                    <\/div>\r\n                    <\/div>\r\n                                    <div class=\"pxl-swiper-slide swiper-slide\">\r\n                        <div class=\"item-inner relative overflow-hidden \">\r\n                                                            <div class=\"item-image\">\r\n                                    <img loading=\"lazy\" decoding=\"async\" class=\"no-lazyload \" src=\"https:\/\/www.casamarisa.it\/wp-content\/uploads\/2024\/09\/Agriturismo-Casa-Marisa-Casa-delle-Rose-6469-640x611.jpg\" width=\"640\" height=\"611\" alt=\"Casa delle Rose\" title=\"Casa delle Rose - Agriturismo Casa Marisa\" \/>                                <\/div>\r\n                                                                                                <div class=\"pxl-overlay\"><\/div>\r\n                                <a data-elementor-lightbox-slideshow=\"64665d2\" class=\"pxl-galleries-light-box\" href=\"https:\/\/www.casamarisa.it\/wp-content\/uploads\/2024\/09\/Agriturismo-Casa-Marisa-Casa-delle-Rose-6469.jpg\" data-id=\"16782\" data-elementor-lightbox-title=\"\"><\/a>\r\n                                                    <\/div>\r\n                    <\/div>\r\n                                    <div class=\"pxl-swiper-slide swiper-slide\">\r\n                        <div class=\"item-inner relative overflow-hidden \">\r\n                                                            <div class=\"item-image\">\r\n                                    <img loading=\"lazy\" decoding=\"async\" class=\"no-lazyload \" src=\"https:\/\/www.casamarisa.it\/wp-content\/uploads\/2024\/09\/Agriturismo-Casa-Marisa-Casa-delle-Rose-6493-640x611.jpg\" width=\"640\" height=\"611\" alt=\"Casa delle Rose\" title=\"Casa delle Rose - Agriturismo Casa Marisa\" \/>                                <\/div>\r\n                                                                                                <div class=\"pxl-overlay\"><\/div>\r\n                                <a data-elementor-lightbox-slideshow=\"64665d2\" class=\"pxl-galleries-light-box\" href=\"https:\/\/www.casamarisa.it\/wp-content\/uploads\/2024\/09\/Agriturismo-Casa-Marisa-Casa-delle-Rose-6493.jpg\" data-id=\"16784\" data-elementor-lightbox-title=\"\"><\/a>\r\n                                                    <\/div>\r\n                    <\/div>\r\n                                    <div class=\"pxl-swiper-slide swiper-slide\">\r\n                        <div class=\"item-inner relative overflow-hidden \">\r\n                                                            <div class=\"item-image\">\r\n                                    <img loading=\"lazy\" decoding=\"async\" class=\"no-lazyload \" src=\"https:\/\/www.casamarisa.it\/wp-content\/uploads\/2024\/09\/Agriturismo-Casa-Marisa-Casa-delle-Rose-6456-640x611.jpg\" width=\"640\" height=\"611\" alt=\"Casa delle Rose\" title=\"Casa delle Rose - Agriturismo Casa Marisa\" \/>                                <\/div>\r\n                                                                                                <div class=\"pxl-overlay\"><\/div>\r\n                                <a data-elementor-lightbox-slideshow=\"64665d2\" class=\"pxl-galleries-light-box\" href=\"https:\/\/www.casamarisa.it\/wp-content\/uploads\/2024\/09\/Agriturismo-Casa-Marisa-Casa-delle-Rose-6456.jpg\" data-id=\"16785\" data-elementor-lightbox-title=\"\"><\/a>\r\n                                                    <\/div>\r\n                    <\/div>\r\n                                    <div class=\"pxl-swiper-slide swiper-slide\">\r\n                        <div class=\"item-inner relative overflow-hidden \">\r\n                                                            <div class=\"item-image\">\r\n                                    <img loading=\"lazy\" decoding=\"async\" class=\"no-lazyload \" src=\"https:\/\/www.casamarisa.it\/wp-content\/uploads\/2024\/09\/Agriturismo-Casa-Marisa-Casa-delle-Rose-6475-640x611.jpg\" width=\"640\" height=\"611\" alt=\"Camera matrimoniale di Casa delle Rose\" title=\"Casa delle Rose - Agriturismo Casa Marisa\" \/>                                <\/div>\r\n                                                                                                <div class=\"pxl-overlay\"><\/div>\r\n                                <a data-elementor-lightbox-slideshow=\"64665d2\" class=\"pxl-galleries-light-box\" href=\"https:\/\/www.casamarisa.it\/wp-content\/uploads\/2024\/09\/Agriturismo-Casa-Marisa-Casa-delle-Rose-6475.jpg\" data-id=\"16780\" data-elementor-lightbox-title=\"\"><\/a>\r\n                                                    <\/div>\r\n                    <\/div>\r\n                                    <div class=\"pxl-swiper-slide swiper-slide\">\r\n                        <div class=\"item-inner relative overflow-hidden \">\r\n                                                            <div class=\"item-image\">\r\n                                    <img loading=\"lazy\" decoding=\"async\" class=\"no-lazyload \" src=\"https:\/\/www.casamarisa.it\/wp-content\/uploads\/2024\/09\/Agriturismo-Casa-Marisa-Casa-delle-Rose-6423-640x611.jpg\" width=\"640\" height=\"611\" alt=\"Camera doppia di Casa delle Rose\" title=\"Casa delle Rose - Agriturismo Casa Marisa\" \/>                                <\/div>\r\n                                                                                                <div class=\"pxl-overlay\"><\/div>\r\n                                <a data-elementor-lightbox-slideshow=\"64665d2\" class=\"pxl-galleries-light-box\" href=\"https:\/\/www.casamarisa.it\/wp-content\/uploads\/2024\/09\/Agriturismo-Casa-Marisa-Casa-delle-Rose-6423.jpg\" data-id=\"16781\" data-elementor-lightbox-title=\"\"><\/a>\r\n                                                    <\/div>\r\n                    <\/div>\r\n                                    <div class=\"pxl-swiper-slide swiper-slide\">\r\n                        <div class=\"item-inner relative overflow-hidden \">\r\n                                                            <div class=\"item-image\">\r\n                                    <img loading=\"lazy\" decoding=\"async\" class=\"no-lazyload \" src=\"https:\/\/www.casamarisa.it\/wp-content\/uploads\/2024\/09\/Agriturismo-Casa-Marisa-Casa-delle-Rose-6429-640x611.jpg\" width=\"640\" height=\"611\" alt=\"Bagno di Casa delle Rose\" title=\"Casa delle Rose - Agriturismo Casa Marisa\" \/>                                <\/div>\r\n                                                                                                <div class=\"pxl-overlay\"><\/div>\r\n                                <a data-elementor-lightbox-slideshow=\"64665d2\" class=\"pxl-galleries-light-box\" href=\"https:\/\/www.casamarisa.it\/wp-content\/uploads\/2024\/09\/Agriturismo-Casa-Marisa-Casa-delle-Rose-6429.jpg\" data-id=\"16779\" data-elementor-lightbox-title=\"\"><\/a>\r\n                                                    <\/div>\r\n                    <\/div>\r\n                                    <div class=\"pxl-swiper-slide swiper-slide\">\r\n                        <div class=\"item-inner relative overflow-hidden \">\r\n                                                            <div class=\"item-image\">\r\n                                    <img loading=\"lazy\" decoding=\"async\" class=\"no-lazyload \" src=\"https:\/\/www.casamarisa.it\/wp-content\/uploads\/2024\/09\/Agriturismo-Casa-Marisa-Casa-delle-Rose-6529-640x611.jpg\" width=\"640\" height=\"611\" alt=\"Casa delle Rose\" title=\"Casa delle Rose - Agriturismo Casa Marisa\" \/>                                <\/div>\r\n                                                                                                <div class=\"pxl-overlay\"><\/div>\r\n                                <a data-elementor-lightbox-slideshow=\"64665d2\" class=\"pxl-galleries-light-box\" href=\"https:\/\/www.casamarisa.it\/wp-content\/uploads\/2024\/09\/Agriturismo-Casa-Marisa-Casa-delle-Rose-6529.jpg\" data-id=\"16783\" data-elementor-lightbox-title=\"\"><\/a>\r\n                                                    <\/div>\r\n                    <\/div>\r\n                            <\/div>    \r\n        <\/div>\r\n    <\/div>\r\n            <div class=\"pxl-swiper-arrows nav-in-vertical arrow-on-hover\">\r\n            <div class=\"pxl-swiper-arrow pxl-swiper-arrow-prev\"><span class=\"pxl-icon pxli-left-arrow\"><\/span><\/div>\r\n            <div class=\"pxl-swiper-arrow pxl-swiper-arrow-next\"><span class=\"pxl-icon pxli-right-arrow\"><\/span><\/div>\r\n        <\/div>\r\n        <\/div>\r\n \r\n\t\t\t\t<\/div>\n\t\t\t\t<\/div>\n\t\t                    <\/div>\r\n        <\/div>\r\n        \t\t\t<\/div>\n\t\t<\/section>\n\t\t\t\t<\/div>\n\t\t","protected":false},"excerpt":{"rendered":"<p>DREIZIMMERWOHNUNG Gro\u00dfe Veranda mit Blick auf den Weinberg Das Haus der Rosen verf\u00fcgt \u00fcber ein gro\u00dfes Wohnzimmer mit Schlafsofa und eine K\u00fcche mit gro\u00dfen Fenstern, die auf das Herz des Bauernhofs blicken. Die K\u00fcche ist voll ausgestattet mit Geschirrsp\u00fcler, Backofen und elektrischem Minibackofen. Die zwei Schlafzimmer bestehen aus einem Doppelzimmer und einem zweiten mit zwei [&hellip;]<\/p>\n","protected":false},"author":2,"featured_media":0,"parent":18157,"menu_order":0,"comment_status":"closed","ping_status":"closed","template":"","meta":{"footnotes":""},"class_list":["post-18165","page","type-page","status-publish","hentry"],"_links":{"self":[{"href":"https:\/\/www.casamarisa.it\/de\/wp-json\/wp\/v2\/pages\/18165","targetHints":{"allow":["GET"]}}],"collection":[{"href":"https:\/\/www.casamarisa.it\/de\/wp-json\/wp\/v2\/pages"}],"about":[{"href":"https:\/\/www.casamarisa.it\/de\/wp-json\/wp\/v2\/types\/page"}],"author":[{"embeddable":true,"href":"https:\/\/www.casamarisa.it\/de\/wp-json\/wp\/v2\/users\/2"}],"replies":[{"embeddable":true,"href":"https:\/\/www.casamarisa.it\/de\/wp-json\/wp\/v2\/comments?post=18165"}],"version-history":[{"count":5,"href":"https:\/\/www.casamarisa.it\/de\/wp-json\/wp\/v2\/pages\/18165\/revisions"}],"predecessor-version":[{"id":18648,"href":"https:\/\/www.casamarisa.it\/de\/wp-json\/wp\/v2\/pages\/18165\/revisions\/18648"}],"up":[{"embeddable":true,"href":"https:\/\/www.casamarisa.it\/de\/wp-json\/wp\/v2\/pages\/18157"}],"wp:attachment":[{"href":"https:\/\/www.casamarisa.it\/de\/wp-json\/wp\/v2\/media?parent=18165"}],"curies":[{"name":"wp","href":"https:\/\/api.w.org\/{rel}","templated":true}]}}