{"id":18167,"date":"2024-10-01T12:56:28","date_gmt":"2024-10-01T10:56:28","guid":{"rendered":"http:\/\/casamarisa.youelba.com\/appartamenti\/glicini-1\/"},"modified":"2025-07-08T09:34:32","modified_gmt":"2025-07-08T07:34:32","slug":"glicini-1","status":"publish","type":"page","link":"https:\/\/www.casamarisa.it\/de\/wohnungen\/glicini-1\/","title":{"rendered":"Glicini 1"},"content":{"rendered":"\t\t<div data-elementor-type=\"wp-page\" data-elementor-id=\"18167\" class=\"elementor elementor-18167 elementor-16882\">\n\t\t\t\t        <section class=\"elementor-section elementor-top-section elementor-element elementor-element-f6d0273 clip-path-3 elementor-section-content-middle elementor-section-boxed elementor-section-height-default elementor-section-height-default pxl-section-static-pos-no pxl-section-overflow-hidden-no pxl-container-margin-auto-no\" data-id=\"f6d0273\" data-element_type=\"section\" data-settings=\"{&quot;background_background&quot;:&quot;classic&quot;}\">\n\n                \n                <div class=\"elementor-container elementor-column-gap-default \">\n                <div class=\"elementor-column elementor-col-50 elementor-top-column elementor-element elementor-element-426ae41 col-offset-none pxl-column-element-default pxl-column-overflow-hidden-no\" data-id=\"426ae41\" data-element_type=\"column\">\r\n        <div class=\"elementor-widget-wrap elementor-element-populated\">\r\n                    \t\t<div class=\"elementor-element elementor-element-e12c9aa elementor-widget elementor-widget-pxl_heading\" data-id=\"e12c9aa\" data-element_type=\"widget\" data-widget_type=\"pxl_heading.default\">\n\t\t\t\t<div class=\"elementor-widget-container\">\n\t\t\t\t\t<div class=\"pxl-heading-wrap d-flex\">\n    <div class=\"pxl-heading-inner  \">\n                    <div class=\"heading-subtitle divider-left\">\n                <div class=\"subtitle-text  pxl-split-text split-in-right\">DREIZIMMERWOHNUNG<\/div>\n            <\/div>\n                <h2 class=\"heading-title\">\n                        Mit Blick auf die Naturoase Le Prade         <\/h2>\n            <\/div>\n<\/div>\n\n\t\t\t\t<\/div>\n\t\t\t\t<\/div>\n\t\t\t\t<div class=\"elementor-element elementor-element-f88452b elementor-widget-tablet__width-initial elementor-widget-mobile_extra__width-inherit elementor-widget elementor-widget-pxl_text_editor\" data-id=\"f88452b\" data-element_type=\"widget\" data-widget_type=\"pxl_text_editor.default\">\n\t\t\t\t<div class=\"elementor-widget-container\">\n\t\t\t\t\t<div id=\"pxl_text_editor-f88452b-6938\" class=\"pxl-text-editor-wrap d-flex \" >\n\t<div class=\"pxl-text-editor elementor-clearfix\">\n\t\t<p>Die Wohnung Glicini 1 besteht aus einem Wohnzimmer mit Schlafsofa und ausgestatteter K\u00fcchenzeile, einem Badezimmer mit Dusche, einem Doppelzimmer und einem Zimmer mit zwei Einzelbetten, mit einer Gesamtfl\u00e4che von 60 Quadratmetern.<\/p><p>Diese Wohnung ist ideal f\u00fcr Familien mit Kindern, da sie sehr gro\u00df und ger\u00e4umig ist.<\/p><p>Der gro\u00dfe Garten, eingebettet in die Naturoase, bietet einen sicheren und unterhaltsamen Ort f\u00fcr Kinder, die frei spielen und laufen k\u00f6nnen. Die Au\u00dfenterrasse mit Tisch und St\u00fchlen ist der perfekte Ort, um sich nach einem Tag am Meer zu entspannen und unter freiem Himmel zu Abend zu essen, w\u00e4hrend Sie wundersch\u00f6ne Sonnenunterg\u00e4nge bei Kerzenschein genie\u00dfen.<\/p>\t\t\n\t<\/div>\n<\/div>\t\t\t\t<\/div>\n\t\t\t\t<\/div>\n\t\t\t\t<div class=\"elementor-element elementor-element-d1a0c93 elementor-widget elementor-widget-pxl_heading\" data-id=\"d1a0c93\" data-element_type=\"widget\" data-widget_type=\"pxl_heading.default\">\n\t\t\t\t<div class=\"elementor-widget-container\">\n\t\t\t\t\t<div class=\"pxl-heading-wrap d-flex\">\n    <div class=\"pxl-heading-inner  \">\n                    <div class=\"heading-subtitle \">\n                <div class=\"subtitle-text \">Inklusive Leistungen<\/div>\n            <\/div>\n                <p class=\"heading-title\">\n                        Bettw\u00e4sche und Handt\u00fccher mit w\u00f6chentlichem Wechsel, Parkplatz, Grill, Gemeinschaftswaschmaschine, Geschirrsp\u00fcler, TV und WLAN.<br \/>\n<br \/>\nEndreinigung (ein kleiner Aufpreis von 20,00 \u20ac ist f\u00fcr Aufenthalte mit Haustieren erforderlich).<br \/>\n<br \/>\nCampingbett und Hochstuhl f\u00fcr kleine Kinder auf Anfrage und je nach Verf\u00fcgbarkeit.<br \/>\n<br \/>\nGut erzogene kleine Haustiere sind willkommen; bitte informieren Sie uns im Voraus.         <\/p>\n            <\/div>\n<\/div>\n\n\t\t\t\t<\/div>\n\t\t\t\t<\/div>\n\t\t\t\t<div class=\"elementor-element elementor-element-ff6a629 elementor-widget elementor-widget-pxl_heading\" data-id=\"ff6a629\" data-element_type=\"widget\" data-widget_type=\"pxl_heading.default\">\n\t\t\t\t<div class=\"elementor-widget-container\">\n\t\t\t\t\t<div class=\"pxl-heading-wrap d-flex\">\n    <div class=\"pxl-heading-inner  \">\n                    <div class=\"heading-subtitle \">\n                <div class=\"subtitle-text \">Nicht inbegriffene Leistungen<\/div>\n            <\/div>\n                <p class=\"heading-title\">\n                        T\u00e4glicher W\u00e4schewechsel, t\u00e4gliche Reinigung.         <\/p>\n            <\/div>\n<\/div>\n\n\t\t\t\t<\/div>\n\t\t\t\t<\/div>\n\t\t\t\t<div class=\"elementor-element elementor-element-6d95358 elementor-widget elementor-widget-pxl_button\" data-id=\"6d95358\" data-element_type=\"widget\" data-widget_type=\"pxl_button.default\">\n\t\t\t\t<div class=\"elementor-widget-container\">\n\t\t\t\t\t<div id=\"pxl_button-6d95358-9550\" class=\"pxl-button-wrapper d-flex-wrap pxl-button-layout1\" >\r\n    <a href=\"\/de\/kontakt\/\" class=\"pxl-btn default icon-ps-right\">\r\n        <span class=\"pxl-button-text\">JETZT BUCHEN<\/span>\r\n            <\/a>\r\n<\/div>\t\t\t\t<\/div>\n\t\t\t\t<\/div>\n\t\t                    <\/div>\r\n        <\/div>\r\n                <div class=\"elementor-column elementor-col-50 elementor-top-column elementor-element elementor-element-67d849e col-offset-none pxl-column-element-default pxl-column-overflow-hidden-no\" data-id=\"67d849e\" data-element_type=\"column\">\r\n        <div class=\"elementor-widget-wrap elementor-element-populated\">\r\n                    \t\t<div class=\"elementor-element elementor-element-4457d49 elementor-widget elementor-widget-pxl_image\" data-id=\"4457d49\" data-element_type=\"widget\" data-widget_type=\"pxl_image.default\">\n\t\t\t\t<div class=\"elementor-widget-container\">\n\t\t\t\t\t<div id=\"pxl_image-4457d49-8489\" class=\"pxl-image-wg pxl-skew-in-right default pxl-bg-parallax pxl-pll-transform\">\r\n\t\t\t<img fetchpriority=\"high\" decoding=\"async\" width=\"754\" height=\"703\" src=\"https:\/\/www.casamarisa.it\/wp-content\/uploads\/2025\/07\/agriturismo-casa-marisa-app-glicini1-3998.jpg\" class=\"attachment-full size-full wp-image-19038\" alt=\"Appartamento Glicini 1\" \/>\t\t\t\t\t<div class=\"parallax-inner\" data-parallax=\"{&quot;x&quot;:-50}\"  style=\"--pxl-image-bg-parallax-inner: url(https:\/\/www.casamarisa.it\/wp-content\/uploads\/2025\/07\/agriturismo-casa-marisa-app-glicini1-3998.jpg)\"><\/div>\r\n\t\t\t<\/div>\r\n\t\t\t\t<\/div>\n\t\t\t\t<\/div>\n\t\t                    <\/div>\r\n        <\/div>\r\n        \t\t\t<\/div>\n\t\t<\/section>\n\t\t        <section class=\"elementor-section elementor-top-section elementor-element elementor-element-c9fdf9a elementor-section-full_width elementor-section-height-default elementor-section-height-default pxl-section-offset-none pxl-section-static-pos-no pxl-section-overflow-hidden-no pxl-container-margin-auto-no\" data-id=\"c9fdf9a\" data-element_type=\"section\">\n\n                \n                <div class=\"elementor-container elementor-column-gap-no \">\n                <div class=\"elementor-column elementor-col-100 elementor-top-column elementor-element elementor-element-3ca29bf col-offset-none pxl-column-element-default pxl-column-overflow-hidden-no\" data-id=\"3ca29bf\" data-element_type=\"column\">\r\n        <div class=\"elementor-widget-wrap elementor-element-populated\">\r\n                    \t\t<div class=\"elementor-element elementor-element-64665d2 pxl-gallery-carousel-layout-2 pxl-swiper-arrows-true pxl-bg-mode-basic pxl-swiper-dots-false pxl-swiper-dots-color-mode-df elementor-widget elementor-widget-pxl_gallery_carousel\" data-id=\"64665d2\" data-element_type=\"widget\" data-widget_type=\"pxl_gallery_carousel.default\">\n\t\t\t\t<div class=\"elementor-widget-container\">\n\t\t\t\t\t \r\n<div class=\"pxl-swiper-slider pxl-gallery-carousel layout-2  basic\">\r\n    <div class=\"pxl-swiper-slider-wrap pxl-carousel-inner overflow-hidden\">\r\n        <div class=\"pxl-swiper-container\" dir=\"ltr\" data-settings=\"{&quot;slide_direction&quot;:&quot;horizontal&quot;,&quot;slide_percolumn&quot;:1,&quot;slide_mode&quot;:&quot;slide&quot;,&quot;slides_to_show_xxl&quot;:3,&quot;slides_to_show&quot;:3,&quot;slides_to_show_lg&quot;:3,&quot;slides_to_show_md&quot;:2,&quot;slides_to_show_sm&quot;:2,&quot;slides_to_show_xs&quot;:2,&quot;slides_to_scroll&quot;:1,&quot;slides_gutter&quot;:0,&quot;center_slide&quot;:false,&quot;dots_style&quot;:&quot;bullets&quot;,&quot;autoplay&quot;:false,&quot;pause_on_hover&quot;:false,&quot;pause_on_interaction&quot;:true,&quot;delay&quot;:5000,&quot;loop&quot;:false,&quot;speed&quot;:500}\">\r\n            <div class=\"pxl-swiper-wrapper swiper-wrapper\">\r\n                                    <div class=\"pxl-swiper-slide swiper-slide\">\r\n                        <div class=\"item-inner relative overflow-hidden \">\r\n                                                            <div class=\"item-image\">\r\n                                    <img decoding=\"async\" class=\"no-lazyload \" src=\"https:\/\/www.casamarisa.it\/wp-content\/uploads\/2025\/07\/agriturismo-casa-marisa-app-glicini1-3998-esterno-640x611.jpg\" width=\"640\" height=\"611\" alt=\"agriturismo-casa-marisa-app-glicini1-3998-esterno\" title=\"agriturismo-casa-marisa-app-glicini1-3998-esterno\" \/>                                <\/div>\r\n                                                                                                <div class=\"pxl-overlay\"><\/div>\r\n                                <a data-elementor-lightbox-slideshow=\"64665d2\" class=\"pxl-galleries-light-box\" href=\"https:\/\/www.casamarisa.it\/wp-content\/uploads\/2025\/07\/agriturismo-casa-marisa-app-glicini1-3998-esterno.jpg\" data-id=\"19070\" data-elementor-lightbox-title=\"\"><\/a>\r\n                                                    <\/div>\r\n                    <\/div>\r\n                                    <div class=\"pxl-swiper-slide swiper-slide\">\r\n                        <div class=\"item-inner relative overflow-hidden \">\r\n                                                            <div class=\"item-image\">\r\n                                    <img decoding=\"async\" class=\"no-lazyload \" src=\"https:\/\/www.casamarisa.it\/wp-content\/uploads\/2025\/07\/agriturismo-casa-marisa-app-glicini1-3988-640x611.jpg\" width=\"640\" height=\"611\" alt=\"agriturismo-casa-marisa-app-glicini1-3988\" title=\"agriturismo-casa-marisa-app-glicini1-3988\" \/>                                <\/div>\r\n                                                                                                <div class=\"pxl-overlay\"><\/div>\r\n                                <a data-elementor-lightbox-slideshow=\"64665d2\" class=\"pxl-galleries-light-box\" href=\"https:\/\/www.casamarisa.it\/wp-content\/uploads\/2025\/07\/agriturismo-casa-marisa-app-glicini1-3988.jpg\" data-id=\"19061\" data-elementor-lightbox-title=\"\"><\/a>\r\n                                                    <\/div>\r\n                    <\/div>\r\n                                    <div class=\"pxl-swiper-slide swiper-slide\">\r\n                        <div class=\"item-inner relative overflow-hidden \">\r\n                                                            <div class=\"item-image\">\r\n                                    <img loading=\"lazy\" decoding=\"async\" class=\"no-lazyload \" src=\"https:\/\/www.casamarisa.it\/wp-content\/uploads\/2025\/07\/agriturismo-casa-marisa-app-glicini1-3994-640x611.jpg\" width=\"640\" height=\"611\" alt=\"agriturismo-casa-marisa-app-glicini1-3994\" title=\"agriturismo-casa-marisa-app-glicini1-3994\" \/>                                <\/div>\r\n                                                                                                <div class=\"pxl-overlay\"><\/div>\r\n                                <a data-elementor-lightbox-slideshow=\"64665d2\" class=\"pxl-galleries-light-box\" href=\"https:\/\/www.casamarisa.it\/wp-content\/uploads\/2025\/07\/agriturismo-casa-marisa-app-glicini1-3994.jpg\" data-id=\"19058\" data-elementor-lightbox-title=\"\"><\/a>\r\n                                                    <\/div>\r\n                    <\/div>\r\n                                    <div class=\"pxl-swiper-slide swiper-slide\">\r\n                        <div class=\"item-inner relative overflow-hidden \">\r\n                                                            <div class=\"item-image\">\r\n                                    <img loading=\"lazy\" decoding=\"async\" class=\"no-lazyload \" src=\"https:\/\/www.casamarisa.it\/wp-content\/uploads\/2025\/07\/agriturismo-casa-marisa-app-glicini1-3990-640x611.jpg\" width=\"640\" height=\"611\" alt=\"agriturismo-casa-marisa-app-glicini1-3990\" title=\"agriturismo-casa-marisa-app-glicini1-3990\" \/>                                <\/div>\r\n                                                                                                <div class=\"pxl-overlay\"><\/div>\r\n                                <a data-elementor-lightbox-slideshow=\"64665d2\" class=\"pxl-galleries-light-box\" href=\"https:\/\/www.casamarisa.it\/wp-content\/uploads\/2025\/07\/agriturismo-casa-marisa-app-glicini1-3990.jpg\" data-id=\"19073\" data-elementor-lightbox-title=\"\"><\/a>\r\n                                                    <\/div>\r\n                    <\/div>\r\n                                    <div class=\"pxl-swiper-slide swiper-slide\">\r\n                        <div class=\"item-inner relative overflow-hidden \">\r\n                                                            <div class=\"item-image\">\r\n                                    <img loading=\"lazy\" decoding=\"async\" class=\"no-lazyload \" src=\"https:\/\/www.casamarisa.it\/wp-content\/uploads\/2025\/07\/agriturismo-casa-marisa-app-glicini1-3992-640x611.jpg\" width=\"640\" height=\"611\" alt=\"agriturismo-casa-marisa-app-glicini1-3992\" title=\"agriturismo-casa-marisa-app-glicini1-3992\" \/>                                <\/div>\r\n                                                                                                <div class=\"pxl-overlay\"><\/div>\r\n                                <a data-elementor-lightbox-slideshow=\"64665d2\" class=\"pxl-galleries-light-box\" href=\"https:\/\/www.casamarisa.it\/wp-content\/uploads\/2025\/07\/agriturismo-casa-marisa-app-glicini1-3992.jpg\" data-id=\"19052\" data-elementor-lightbox-title=\"\"><\/a>\r\n                                                    <\/div>\r\n                    <\/div>\r\n                                    <div class=\"pxl-swiper-slide swiper-slide\">\r\n                        <div class=\"item-inner relative overflow-hidden \">\r\n                                                            <div class=\"item-image\">\r\n                                    <img loading=\"lazy\" decoding=\"async\" class=\"no-lazyload \" src=\"https:\/\/www.casamarisa.it\/wp-content\/uploads\/2025\/07\/agriturismo-casa-marisa-app-glicini1-3985-640x611.jpg\" width=\"640\" height=\"611\" alt=\"agriturismo-casa-marisa-app-glicini1-3985\" title=\"agriturismo-casa-marisa-app-glicini1-3985\" \/>                                <\/div>\r\n                                                                                                <div class=\"pxl-overlay\"><\/div>\r\n                                <a data-elementor-lightbox-slideshow=\"64665d2\" class=\"pxl-galleries-light-box\" href=\"https:\/\/www.casamarisa.it\/wp-content\/uploads\/2025\/07\/agriturismo-casa-marisa-app-glicini1-3985.jpg\" data-id=\"19064\" data-elementor-lightbox-title=\"\"><\/a>\r\n                                                    <\/div>\r\n                    <\/div>\r\n                                    <div class=\"pxl-swiper-slide swiper-slide\">\r\n                        <div class=\"item-inner relative overflow-hidden \">\r\n                                                            <div class=\"item-image\">\r\n                                    <img loading=\"lazy\" decoding=\"async\" class=\"no-lazyload \" src=\"https:\/\/www.casamarisa.it\/wp-content\/uploads\/2025\/07\/agriturismo-casa-marisa-app-glicini1-3997-640x611.jpg\" width=\"640\" height=\"611\" alt=\"agriturismo-casa-marisa-app-glicini1-3997\" title=\"agriturismo-casa-marisa-app-glicini1-3997\" \/>                                <\/div>\r\n                                                                                                <div class=\"pxl-overlay\"><\/div>\r\n                                <a data-elementor-lightbox-slideshow=\"64665d2\" class=\"pxl-galleries-light-box\" href=\"https:\/\/www.casamarisa.it\/wp-content\/uploads\/2025\/07\/agriturismo-casa-marisa-app-glicini1-3997.jpg\" data-id=\"19049\" data-elementor-lightbox-title=\"\"><\/a>\r\n                                                    <\/div>\r\n                    <\/div>\r\n                                    <div class=\"pxl-swiper-slide swiper-slide\">\r\n                        <div class=\"item-inner relative overflow-hidden \">\r\n                                                            <div class=\"item-image\">\r\n                                    <img loading=\"lazy\" decoding=\"async\" class=\"no-lazyload \" src=\"https:\/\/www.casamarisa.it\/wp-content\/uploads\/2025\/07\/agriturismo-casa-marisa-app-glicini1-3996-640x611.jpg\" width=\"640\" height=\"611\" alt=\"agriturismo-casa-marisa-app-glicini1-3996\" title=\"agriturismo-casa-marisa-app-glicini1-3996\" \/>                                <\/div>\r\n                                                                                                <div class=\"pxl-overlay\"><\/div>\r\n                                <a data-elementor-lightbox-slideshow=\"64665d2\" class=\"pxl-galleries-light-box\" href=\"https:\/\/www.casamarisa.it\/wp-content\/uploads\/2025\/07\/agriturismo-casa-marisa-app-glicini1-3996.jpg\" data-id=\"19055\" data-elementor-lightbox-title=\"\"><\/a>\r\n                                                    <\/div>\r\n                    <\/div>\r\n                                    <div class=\"pxl-swiper-slide swiper-slide\">\r\n                        <div class=\"item-inner relative overflow-hidden \">\r\n                                                            <div class=\"item-image\">\r\n                                    <img loading=\"lazy\" decoding=\"async\" class=\"no-lazyload \" src=\"https:\/\/www.casamarisa.it\/wp-content\/uploads\/2024\/10\/Agriturismo-Casa-Marisa-Glicini-1-7416-640x611.jpg\" width=\"640\" height=\"611\" alt=\"Appartamento Glicini 1 - Agriturismo Casa Marisa\" title=\"Appartamento Glicini 1 - Agriturismo Casa Marisa\" \/>                                <\/div>\r\n                                                                                                <div class=\"pxl-overlay\"><\/div>\r\n                                <a data-elementor-lightbox-slideshow=\"64665d2\" class=\"pxl-galleries-light-box\" href=\"https:\/\/www.casamarisa.it\/wp-content\/uploads\/2024\/10\/Agriturismo-Casa-Marisa-Glicini-1-7416.jpg\" data-id=\"17988\" data-elementor-lightbox-title=\"\"><\/a>\r\n                                                    <\/div>\r\n                    <\/div>\r\n                                    <div class=\"pxl-swiper-slide swiper-slide\">\r\n                        <div class=\"item-inner relative overflow-hidden \">\r\n                                                            <div class=\"item-image\">\r\n                                    <img loading=\"lazy\" decoding=\"async\" class=\"no-lazyload \" src=\"https:\/\/www.casamarisa.it\/wp-content\/uploads\/2025\/07\/agriturismo-casa-marisa-app-glicini1-4006-1-640x611.jpg\" width=\"640\" height=\"611\" alt=\"agriturismo-casa-marisa-app-glicini1-4006\" title=\"agriturismo-casa-marisa-app-glicini1-4006\" \/>                                <\/div>\r\n                                                                                                <div class=\"pxl-overlay\"><\/div>\r\n                                <a data-elementor-lightbox-slideshow=\"64665d2\" class=\"pxl-galleries-light-box\" href=\"https:\/\/www.casamarisa.it\/wp-content\/uploads\/2025\/07\/agriturismo-casa-marisa-app-glicini1-4006-1.jpg\" data-id=\"19067\" data-elementor-lightbox-title=\"\"><\/a>\r\n                                                    <\/div>\r\n                    <\/div>\r\n                            <\/div>    \r\n        <\/div>\r\n    <\/div>\r\n            <div class=\"pxl-swiper-arrows nav-in-vertical arrow-on-hover\">\r\n            <div class=\"pxl-swiper-arrow pxl-swiper-arrow-prev\"><span class=\"pxl-icon pxli-left-arrow\"><\/span><\/div>\r\n            <div class=\"pxl-swiper-arrow pxl-swiper-arrow-next\"><span class=\"pxl-icon pxli-right-arrow\"><\/span><\/div>\r\n        <\/div>\r\n        <\/div>\r\n \r\n\t\t\t\t<\/div>\n\t\t\t\t<\/div>\n\t\t                    <\/div>\r\n        <\/div>\r\n        \t\t\t<\/div>\n\t\t<\/section>\n\t\t\t\t<\/div>\n\t\t","protected":false},"excerpt":{"rendered":"<p>DREIZIMMERWOHNUNG Mit Blick auf die Naturoase Le Prade Die Wohnung Glicini 1 besteht aus einem Wohnzimmer mit Schlafsofa und ausgestatteter K\u00fcchenzeile, einem Badezimmer mit Dusche, einem Doppelzimmer und einem Zimmer mit zwei Einzelbetten, mit einer Gesamtfl\u00e4che von 60 Quadratmetern. Diese Wohnung ist ideal f\u00fcr Familien mit Kindern, da sie sehr gro\u00df und ger\u00e4umig ist. Der [&hellip;]<\/p>\n","protected":false},"author":2,"featured_media":0,"parent":18157,"menu_order":0,"comment_status":"closed","ping_status":"closed","template":"","meta":{"footnotes":""},"class_list":["post-18167","page","type-page","status-publish","hentry"],"_links":{"self":[{"href":"https:\/\/www.casamarisa.it\/de\/wp-json\/wp\/v2\/pages\/18167","targetHints":{"allow":["GET"]}}],"collection":[{"href":"https:\/\/www.casamarisa.it\/de\/wp-json\/wp\/v2\/pages"}],"about":[{"href":"https:\/\/www.casamarisa.it\/de\/wp-json\/wp\/v2\/types\/page"}],"author":[{"embeddable":true,"href":"https:\/\/www.casamarisa.it\/de\/wp-json\/wp\/v2\/users\/2"}],"replies":[{"embeddable":true,"href":"https:\/\/www.casamarisa.it\/de\/wp-json\/wp\/v2\/comments?post=18167"}],"version-history":[{"count":5,"href":"https:\/\/www.casamarisa.it\/de\/wp-json\/wp\/v2\/pages\/18167\/revisions"}],"predecessor-version":[{"id":19087,"href":"https:\/\/www.casamarisa.it\/de\/wp-json\/wp\/v2\/pages\/18167\/revisions\/19087"}],"up":[{"embeddable":true,"href":"https:\/\/www.casamarisa.it\/de\/wp-json\/wp\/v2\/pages\/18157"}],"wp:attachment":[{"href":"https:\/\/www.casamarisa.it\/de\/wp-json\/wp\/v2\/media?parent=18167"}],"curies":[{"name":"wp","href":"https:\/\/api.w.org\/{rel}","templated":true}]}}