{"id":18169,"date":"2024-10-01T14:35:48","date_gmt":"2024-10-01T12:35:48","guid":{"rendered":"http:\/\/casamarisa.youelba.com\/appartamenti\/glicini-2\/"},"modified":"2024-12-11T11:05:12","modified_gmt":"2024-12-11T10:05:12","slug":"glicini-2","status":"publish","type":"page","link":"https:\/\/www.casamarisa.it\/de\/wohnungen\/glicini-2\/","title":{"rendered":"Glicini 2"},"content":{"rendered":"\t\t<div data-elementor-type=\"wp-page\" data-elementor-id=\"18169\" class=\"elementor elementor-18169 elementor-16908\">\n\t\t\t\t        <section class=\"elementor-section elementor-top-section elementor-element elementor-element-f6d0273 clip-path-3 elementor-section-content-middle elementor-section-boxed elementor-section-height-default elementor-section-height-default pxl-section-static-pos-no pxl-section-overflow-hidden-no pxl-container-margin-auto-no\" data-id=\"f6d0273\" data-element_type=\"section\" data-settings=\"{&quot;background_background&quot;:&quot;classic&quot;}\">\n\n                \n                <div class=\"elementor-container elementor-column-gap-default \">\n                <div class=\"elementor-column elementor-col-50 elementor-top-column elementor-element elementor-element-426ae41 col-offset-none pxl-column-element-default pxl-column-overflow-hidden-no\" data-id=\"426ae41\" data-element_type=\"column\">\r\n        <div class=\"elementor-widget-wrap elementor-element-populated\">\r\n                    \t\t<div class=\"elementor-element elementor-element-e12c9aa elementor-widget elementor-widget-pxl_heading\" data-id=\"e12c9aa\" data-element_type=\"widget\" data-widget_type=\"pxl_heading.default\">\n\t\t\t\t<div class=\"elementor-widget-container\">\n\t\t\t\t\t<div class=\"pxl-heading-wrap d-flex\">\n    <div class=\"pxl-heading-inner  \">\n                    <div class=\"heading-subtitle divider-left\">\n                <div class=\"subtitle-text  pxl-split-text split-in-right\">DREIZIMMERWOHNUNG<\/div>\n            <\/div>\n                <h2 class=\"heading-title\">\n                        Mit Blick auf den Golf von Portoferraio         <\/h2>\n            <\/div>\n<\/div>\n\n\t\t\t\t<\/div>\n\t\t\t\t<\/div>\n\t\t\t\t<div class=\"elementor-element elementor-element-f88452b elementor-widget-tablet__width-initial elementor-widget-mobile_extra__width-inherit elementor-widget elementor-widget-pxl_text_editor\" data-id=\"f88452b\" data-element_type=\"widget\" data-widget_type=\"pxl_text_editor.default\">\n\t\t\t\t<div class=\"elementor-widget-container\">\n\t\t\t\t\t<div id=\"pxl_text_editor-f88452b-1735\" class=\"pxl-text-editor-wrap d-flex \" >\n\t<div class=\"pxl-text-editor elementor-clearfix\">\n\t\t<p>Die Wohnung Glicini 2 besteht aus einem Wohnzimmer mit ausgestatteter K\u00fcchenzeile, einem Badezimmer mit Dusche, einem Doppelzimmer und einem Zimmer mit zwei Einzelbetten, mit einer Gesamtfl\u00e4che von 40 Quadratmetern.<\/p><p>Die gro\u00dfe Au\u00dfenterrasse ist mit einem Tisch und St\u00fchlen ausgestattet und ideal, um sich nach einem Tag am Strand zu entspannen und bei Kerzenschein sch\u00f6ne Sonnenunterg\u00e4nge zu genie\u00dfen.<\/p><p>Die Immobilien Glicini 1 und Glicini 2 geh\u00f6ren nicht formell zum Agriturismo, sind jedoch im Besitz der Familie, die diesen betreibt.<\/p>\t\t\n\t<\/div>\n<\/div>\t\t\t\t<\/div>\n\t\t\t\t<\/div>\n\t\t\t\t<div class=\"elementor-element elementor-element-39d4164 elementor-widget elementor-widget-pxl_heading\" data-id=\"39d4164\" data-element_type=\"widget\" data-widget_type=\"pxl_heading.default\">\n\t\t\t\t<div class=\"elementor-widget-container\">\n\t\t\t\t\t<div class=\"pxl-heading-wrap d-flex\">\n    <div class=\"pxl-heading-inner  \">\n                    <div class=\"heading-subtitle \">\n                <div class=\"subtitle-text \">Inklusive Leistungen<\/div>\n            <\/div>\n                <p class=\"heading-title\">\n                        Bettw\u00e4sche und Handt\u00fccher mit w\u00f6chentlichem Wechsel, Parkplatz, Grill, Gemeinschaftswaschmaschine, Geschirrsp\u00fcler, TV und WLAN.<br \/>\n<br \/>\nEndreinigung (ein kleiner Aufpreis von 20,00 \u20ac ist f\u00fcr Aufenthalte mit Haustieren erforderlich).<br \/>\n<br \/>\nCampingbett und Hochstuhl f\u00fcr kleine Kinder auf Anfrage und je nach Verf\u00fcgbarkeit.<br \/>\n<br \/>\nGut erzogene kleine Haustiere sind willkommen; bitte informieren Sie uns im Voraus.         <\/p>\n            <\/div>\n<\/div>\n\n\t\t\t\t<\/div>\n\t\t\t\t<\/div>\n\t\t\t\t<div class=\"elementor-element elementor-element-4831048 elementor-widget elementor-widget-pxl_heading\" data-id=\"4831048\" data-element_type=\"widget\" data-widget_type=\"pxl_heading.default\">\n\t\t\t\t<div class=\"elementor-widget-container\">\n\t\t\t\t\t<div class=\"pxl-heading-wrap d-flex\">\n    <div class=\"pxl-heading-inner  \">\n                    <div class=\"heading-subtitle \">\n                <div class=\"subtitle-text \">Nicht inbegriffene Leistungen<\/div>\n            <\/div>\n                <p class=\"heading-title\">\n                        T\u00e4glicher W\u00e4schewechsel, t\u00e4gliche Reinigung.         <\/p>\n            <\/div>\n<\/div>\n\n\t\t\t\t<\/div>\n\t\t\t\t<\/div>\n\t\t\t\t<div class=\"elementor-element elementor-element-6d95358 elementor-widget elementor-widget-pxl_button\" data-id=\"6d95358\" data-element_type=\"widget\" data-widget_type=\"pxl_button.default\">\n\t\t\t\t<div class=\"elementor-widget-container\">\n\t\t\t\t\t<div id=\"pxl_button-6d95358-2106\" class=\"pxl-button-wrapper d-flex-wrap pxl-button-layout1\" >\r\n    <a href=\"\/de\/kontakt\/\" class=\"pxl-btn default icon-ps-right\">\r\n        <span class=\"pxl-button-text\">JETZT BUCHEN<\/span>\r\n            <\/a>\r\n<\/div>\t\t\t\t<\/div>\n\t\t\t\t<\/div>\n\t\t                    <\/div>\r\n        <\/div>\r\n                <div class=\"elementor-column elementor-col-50 elementor-top-column elementor-element elementor-element-67d849e col-offset-none pxl-column-element-default pxl-column-overflow-hidden-no\" data-id=\"67d849e\" data-element_type=\"column\">\r\n        <div class=\"elementor-widget-wrap elementor-element-populated\">\r\n                    \t\t<div class=\"elementor-element elementor-element-4457d49 elementor-widget elementor-widget-pxl_image\" data-id=\"4457d49\" data-element_type=\"widget\" data-widget_type=\"pxl_image.default\">\n\t\t\t\t<div class=\"elementor-widget-container\">\n\t\t\t\t\t<div id=\"pxl_image-4457d49-7528\" class=\"pxl-image-wg pxl-skew-in-right default pxl-bg-parallax pxl-pll-transform\">\r\n\t\t\t<img fetchpriority=\"high\" decoding=\"async\" width=\"754\" height=\"703\" src=\"https:\/\/www.casamarisa.it\/wp-content\/uploads\/2024\/10\/Agriturismo-Casa-Marisa-Glicini2-7310.jpg\" class=\"attachment-full size-full wp-image-16911\" alt=\"Appartamento Glicini 2\" \/>\t\t\t\t\t<div class=\"parallax-inner\" data-parallax=\"{&quot;x&quot;:-50}\"  style=\"--pxl-image-bg-parallax-inner: url(https:\/\/www.casamarisa.it\/wp-content\/uploads\/2024\/10\/Agriturismo-Casa-Marisa-Glicini2-7310.jpg)\"><\/div>\r\n\t\t\t<\/div>\r\n\t\t\t\t<\/div>\n\t\t\t\t<\/div>\n\t\t                    <\/div>\r\n        <\/div>\r\n        \t\t\t<\/div>\n\t\t<\/section>\n\t\t        <section class=\"elementor-section elementor-top-section elementor-element elementor-element-c9fdf9a elementor-section-full_width elementor-section-height-default elementor-section-height-default pxl-section-offset-none pxl-section-static-pos-no pxl-section-overflow-hidden-no pxl-container-margin-auto-no\" data-id=\"c9fdf9a\" data-element_type=\"section\">\n\n                \n                <div class=\"elementor-container elementor-column-gap-no \">\n                <div class=\"elementor-column elementor-col-100 elementor-top-column elementor-element elementor-element-3ca29bf col-offset-none pxl-column-element-default pxl-column-overflow-hidden-no\" data-id=\"3ca29bf\" data-element_type=\"column\">\r\n        <div class=\"elementor-widget-wrap elementor-element-populated\">\r\n                    \t\t<div class=\"elementor-element elementor-element-64665d2 pxl-gallery-carousel-layout-2 pxl-swiper-arrows-true pxl-bg-mode-basic pxl-swiper-dots-false pxl-swiper-dots-color-mode-df elementor-widget elementor-widget-pxl_gallery_carousel\" data-id=\"64665d2\" data-element_type=\"widget\" data-widget_type=\"pxl_gallery_carousel.default\">\n\t\t\t\t<div class=\"elementor-widget-container\">\n\t\t\t\t\t \r\n<div class=\"pxl-swiper-slider pxl-gallery-carousel layout-2  basic\">\r\n    <div class=\"pxl-swiper-slider-wrap pxl-carousel-inner overflow-hidden\">\r\n        <div class=\"pxl-swiper-container\" dir=\"ltr\" data-settings=\"{&quot;slide_direction&quot;:&quot;horizontal&quot;,&quot;slide_percolumn&quot;:1,&quot;slide_mode&quot;:&quot;slide&quot;,&quot;slides_to_show_xxl&quot;:3,&quot;slides_to_show&quot;:3,&quot;slides_to_show_lg&quot;:3,&quot;slides_to_show_md&quot;:2,&quot;slides_to_show_sm&quot;:2,&quot;slides_to_show_xs&quot;:2,&quot;slides_to_scroll&quot;:1,&quot;slides_gutter&quot;:0,&quot;center_slide&quot;:false,&quot;dots_style&quot;:&quot;bullets&quot;,&quot;autoplay&quot;:false,&quot;pause_on_hover&quot;:false,&quot;pause_on_interaction&quot;:true,&quot;delay&quot;:5000,&quot;loop&quot;:false,&quot;speed&quot;:500}\">\r\n            <div class=\"pxl-swiper-wrapper swiper-wrapper\">\r\n                                    <div class=\"pxl-swiper-slide swiper-slide\">\r\n                        <div class=\"item-inner relative overflow-hidden \">\r\n                                                            <div class=\"item-image\">\r\n                                    <img decoding=\"async\" class=\"no-lazyload \" src=\"https:\/\/www.casamarisa.it\/wp-content\/uploads\/2024\/10\/Agriturismo-Casa-Marisa-Glicini2-7300-640x611.jpg\" width=\"640\" height=\"611\" alt=\"Terrazza dell&#039;appartamento Glicini 2\" title=\"Appartamento Glicini 2 - Agriturismo Casa Marisa\" \/>                                <\/div>\r\n                                                                                                <div class=\"pxl-overlay\"><\/div>\r\n                                <a data-elementor-lightbox-slideshow=\"64665d2\" class=\"pxl-galleries-light-box\" href=\"https:\/\/www.casamarisa.it\/wp-content\/uploads\/2024\/10\/Agriturismo-Casa-Marisa-Glicini2-7300.jpg\" data-id=\"16917\" data-elementor-lightbox-title=\"\"><\/a>\r\n                                                    <\/div>\r\n                    <\/div>\r\n                                    <div class=\"pxl-swiper-slide swiper-slide\">\r\n                        <div class=\"item-inner relative overflow-hidden \">\r\n                                                            <div class=\"item-image\">\r\n                                    <img decoding=\"async\" class=\"no-lazyload \" src=\"https:\/\/www.casamarisa.it\/wp-content\/uploads\/2024\/10\/Agriturismo-Casa-Marisa-Glicini2-7305-640x611.jpg\" width=\"640\" height=\"611\" alt=\"Appartamento Glicini 2\" title=\"Appartamento Glicini 2 - Agriturismo Casa Marisa\" \/>                                <\/div>\r\n                                                                                                <div class=\"pxl-overlay\"><\/div>\r\n                                <a data-elementor-lightbox-slideshow=\"64665d2\" class=\"pxl-galleries-light-box\" href=\"https:\/\/www.casamarisa.it\/wp-content\/uploads\/2024\/10\/Agriturismo-Casa-Marisa-Glicini2-7305.jpg\" data-id=\"16919\" data-elementor-lightbox-title=\"\"><\/a>\r\n                                                    <\/div>\r\n                    <\/div>\r\n                                    <div class=\"pxl-swiper-slide swiper-slide\">\r\n                        <div class=\"item-inner relative overflow-hidden \">\r\n                                                            <div class=\"item-image\">\r\n                                    <img loading=\"lazy\" decoding=\"async\" class=\"no-lazyload \" src=\"https:\/\/www.casamarisa.it\/wp-content\/uploads\/2024\/10\/Agriturismo-Casa-Marisa-Glicini2-7307-640x611.jpg\" width=\"640\" height=\"611\" alt=\"Appartamento Glicini 2\" title=\"Appartamento Glicini 2 - Agriturismo Casa Marisa\" \/>                                <\/div>\r\n                                                                                                <div class=\"pxl-overlay\"><\/div>\r\n                                <a data-elementor-lightbox-slideshow=\"64665d2\" class=\"pxl-galleries-light-box\" href=\"https:\/\/www.casamarisa.it\/wp-content\/uploads\/2024\/10\/Agriturismo-Casa-Marisa-Glicini2-7307.jpg\" data-id=\"16920\" data-elementor-lightbox-title=\"\"><\/a>\r\n                                                    <\/div>\r\n                    <\/div>\r\n                                    <div class=\"pxl-swiper-slide swiper-slide\">\r\n                        <div class=\"item-inner relative overflow-hidden \">\r\n                                                            <div class=\"item-image\">\r\n                                    <img loading=\"lazy\" decoding=\"async\" class=\"no-lazyload \" src=\"https:\/\/www.casamarisa.it\/wp-content\/uploads\/2024\/10\/Agriturismo-Casa-Marisa-Glicini2-7301-640x611.jpg\" width=\"640\" height=\"611\" alt=\"Appartamento Glicini 2\" title=\"Appartamento Glicini 2 - Agriturismo Casa Marisa\" \/>                                <\/div>\r\n                                                                                                <div class=\"pxl-overlay\"><\/div>\r\n                                <a data-elementor-lightbox-slideshow=\"64665d2\" class=\"pxl-galleries-light-box\" href=\"https:\/\/www.casamarisa.it\/wp-content\/uploads\/2024\/10\/Agriturismo-Casa-Marisa-Glicini2-7301.jpg\" data-id=\"16918\" data-elementor-lightbox-title=\"\"><\/a>\r\n                                                    <\/div>\r\n                    <\/div>\r\n                                    <div class=\"pxl-swiper-slide swiper-slide\">\r\n                        <div class=\"item-inner relative overflow-hidden \">\r\n                                                            <div class=\"item-image\">\r\n                                    <img loading=\"lazy\" decoding=\"async\" class=\"no-lazyload \" src=\"https:\/\/www.casamarisa.it\/wp-content\/uploads\/2024\/10\/Agriturismo-Casa-Marisa-Glicini2-7295-640x611.jpg\" width=\"640\" height=\"611\" alt=\"Camera matrimoniale dell&#039;appartamento Glicini 2\" title=\"Appartamento Glicini 2 - Agriturismo Casa Marisa\" \/>                                <\/div>\r\n                                                                                                <div class=\"pxl-overlay\"><\/div>\r\n                                <a data-elementor-lightbox-slideshow=\"64665d2\" class=\"pxl-galleries-light-box\" href=\"https:\/\/www.casamarisa.it\/wp-content\/uploads\/2024\/10\/Agriturismo-Casa-Marisa-Glicini2-7295.jpg\" data-id=\"16915\" data-elementor-lightbox-title=\"\"><\/a>\r\n                                                    <\/div>\r\n                    <\/div>\r\n                                    <div class=\"pxl-swiper-slide swiper-slide\">\r\n                        <div class=\"item-inner relative overflow-hidden \">\r\n                                                            <div class=\"item-image\">\r\n                                    <img loading=\"lazy\" decoding=\"async\" class=\"no-lazyload \" src=\"https:\/\/www.casamarisa.it\/wp-content\/uploads\/2024\/10\/Agriturismo-Casa-Marisa-Glicini2-7297-640x611.jpg\" width=\"640\" height=\"611\" alt=\"Camera doppia dell&#039;appartamento Glicini 2\" title=\"Appartamento Glicini 2 - Agriturismo Casa Marisa\" \/>                                <\/div>\r\n                                                                                                <div class=\"pxl-overlay\"><\/div>\r\n                                <a data-elementor-lightbox-slideshow=\"64665d2\" class=\"pxl-galleries-light-box\" href=\"https:\/\/www.casamarisa.it\/wp-content\/uploads\/2024\/10\/Agriturismo-Casa-Marisa-Glicini2-7297.jpg\" data-id=\"16916\" data-elementor-lightbox-title=\"\"><\/a>\r\n                                                    <\/div>\r\n                    <\/div>\r\n                                    <div class=\"pxl-swiper-slide swiper-slide\">\r\n                        <div class=\"item-inner relative overflow-hidden \">\r\n                                                            <div class=\"item-image\">\r\n                                    <img loading=\"lazy\" decoding=\"async\" class=\"no-lazyload \" src=\"https:\/\/www.casamarisa.it\/wp-content\/uploads\/2024\/10\/Agriturismo-Casa-Marisa-Glicini2-7311-640x611.jpg\" width=\"640\" height=\"611\" alt=\"Bagno dell&#039;appartamento Glicini 2\" title=\"Appartamento Glicini 2 - Agriturismo Casa Marisa\" \/>                                <\/div>\r\n                                                                                                <div class=\"pxl-overlay\"><\/div>\r\n                                <a data-elementor-lightbox-slideshow=\"64665d2\" class=\"pxl-galleries-light-box\" href=\"https:\/\/www.casamarisa.it\/wp-content\/uploads\/2024\/10\/Agriturismo-Casa-Marisa-Glicini2-7311.jpg\" data-id=\"16921\" data-elementor-lightbox-title=\"\"><\/a>\r\n                                                    <\/div>\r\n                    <\/div>\r\n                            <\/div>    \r\n        <\/div>\r\n    <\/div>\r\n            <div class=\"pxl-swiper-arrows nav-in-vertical arrow-on-hover\">\r\n            <div class=\"pxl-swiper-arrow pxl-swiper-arrow-prev\"><span class=\"pxl-icon pxli-left-arrow\"><\/span><\/div>\r\n            <div class=\"pxl-swiper-arrow pxl-swiper-arrow-next\"><span class=\"pxl-icon pxli-right-arrow\"><\/span><\/div>\r\n        <\/div>\r\n        <\/div>\r\n \r\n\t\t\t\t<\/div>\n\t\t\t\t<\/div>\n\t\t                    <\/div>\r\n        <\/div>\r\n        \t\t\t<\/div>\n\t\t<\/section>\n\t\t\t\t<\/div>\n\t\t","protected":false},"excerpt":{"rendered":"<p>DREIZIMMERWOHNUNG Mit Blick auf den Golf von Portoferraio Die Wohnung Glicini 2 besteht aus einem Wohnzimmer mit ausgestatteter K\u00fcchenzeile, einem Badezimmer mit Dusche, einem Doppelzimmer und einem Zimmer mit zwei Einzelbetten, mit einer Gesamtfl\u00e4che von 40 Quadratmetern. Die gro\u00dfe Au\u00dfenterrasse ist mit einem Tisch und St\u00fchlen ausgestattet und ideal, um sich nach einem Tag am [&hellip;]<\/p>\n","protected":false},"author":2,"featured_media":0,"parent":18157,"menu_order":0,"comment_status":"closed","ping_status":"closed","template":"","meta":{"footnotes":""},"class_list":["post-18169","page","type-page","status-publish","hentry"],"_links":{"self":[{"href":"https:\/\/www.casamarisa.it\/de\/wp-json\/wp\/v2\/pages\/18169","targetHints":{"allow":["GET"]}}],"collection":[{"href":"https:\/\/www.casamarisa.it\/de\/wp-json\/wp\/v2\/pages"}],"about":[{"href":"https:\/\/www.casamarisa.it\/de\/wp-json\/wp\/v2\/types\/page"}],"author":[{"embeddable":true,"href":"https:\/\/www.casamarisa.it\/de\/wp-json\/wp\/v2\/users\/2"}],"replies":[{"embeddable":true,"href":"https:\/\/www.casamarisa.it\/de\/wp-json\/wp\/v2\/comments?post=18169"}],"version-history":[{"count":5,"href":"https:\/\/www.casamarisa.it\/de\/wp-json\/wp\/v2\/pages\/18169\/revisions"}],"predecessor-version":[{"id":18460,"href":"https:\/\/www.casamarisa.it\/de\/wp-json\/wp\/v2\/pages\/18169\/revisions\/18460"}],"up":[{"embeddable":true,"href":"https:\/\/www.casamarisa.it\/de\/wp-json\/wp\/v2\/pages\/18157"}],"wp:attachment":[{"href":"https:\/\/www.casamarisa.it\/de\/wp-json\/wp\/v2\/media?parent=18169"}],"curies":[{"name":"wp","href":"https:\/\/api.w.org\/{rel}","templated":true}]}}