{"id":18173,"date":"2024-10-01T10:59:11","date_gmt":"2024-10-01T08:59:11","guid":{"rendered":"http:\/\/casamarisa.youelba.com\/appartamenti\/merlot\/"},"modified":"2024-12-11T11:05:34","modified_gmt":"2024-12-11T10:05:34","slug":"merlot","status":"publish","type":"page","link":"https:\/\/www.casamarisa.it\/de\/wohnungen\/merlot\/","title":{"rendered":"Merlot"},"content":{"rendered":"\t\t<div data-elementor-type=\"wp-page\" data-elementor-id=\"18173\" class=\"elementor elementor-18173 elementor-16806\">\n\t\t\t\t        <section class=\"elementor-section elementor-top-section elementor-element elementor-element-f6d0273 clip-path-3 elementor-section-content-middle elementor-section-boxed elementor-section-height-default elementor-section-height-default pxl-section-static-pos-no pxl-section-overflow-hidden-no pxl-container-margin-auto-no\" data-id=\"f6d0273\" data-element_type=\"section\" data-settings=\"{&quot;background_background&quot;:&quot;classic&quot;}\">\n\n                \n                <div class=\"elementor-container elementor-column-gap-default \">\n                <div class=\"elementor-column elementor-col-50 elementor-top-column elementor-element elementor-element-426ae41 col-offset-none pxl-column-element-default pxl-column-overflow-hidden-no\" data-id=\"426ae41\" data-element_type=\"column\">\r\n        <div class=\"elementor-widget-wrap elementor-element-populated\">\r\n                    \t\t<div class=\"elementor-element elementor-element-e12c9aa elementor-widget elementor-widget-pxl_heading\" data-id=\"e12c9aa\" data-element_type=\"widget\" data-widget_type=\"pxl_heading.default\">\n\t\t\t\t<div class=\"elementor-widget-container\">\n\t\t\t\t\t<div class=\"pxl-heading-wrap d-flex\">\n    <div class=\"pxl-heading-inner  \">\n                    <div class=\"heading-subtitle divider-left\">\n                <div class=\"subtitle-text  pxl-split-text split-in-right\">DREIZIMMERWOHNUNG<\/div>\n            <\/div>\n                <h2 class=\"heading-title\">\n                        Eingebettet in die Weinberge des Anwesens         <\/h2>\n            <\/div>\n<\/div>\n\n\t\t\t\t<\/div>\n\t\t\t\t<\/div>\n\t\t\t\t<div class=\"elementor-element elementor-element-f88452b elementor-widget-tablet__width-initial elementor-widget-mobile_extra__width-inherit elementor-widget elementor-widget-pxl_text_editor\" data-id=\"f88452b\" data-element_type=\"widget\" data-widget_type=\"pxl_text_editor.default\">\n\t\t\t\t<div class=\"elementor-widget-container\">\n\t\t\t\t\t<div id=\"pxl_text_editor-f88452b-5151\" class=\"pxl-text-editor-wrap d-flex \" >\n\t<div class=\"pxl-text-editor elementor-clearfix\">\n\t\t<p>Die Merlot-Wohnung ist eine elegante, ger\u00e4umige und helle Dreizimmerwohnung. Sie besteht aus einem gro\u00dfz\u00fcgigen Wohnbereich mit Schlafsofa und einer voll ausgestatteten K\u00fcche mit gro\u00dfem K\u00fchlschrank, Gefrierschrank und Geschirrsp\u00fcler.<\/p><p>Die Wohnung verf\u00fcgt \u00fcber zwei Schlafzimmer: eines mit einem Doppelbett und eines mit zwei Einzelbetten, die zu einem zweiten Doppelbett zusammengeschoben werden k\u00f6nnen. Es gibt zwei Badezimmer mit Dusche, eines davon en-suite.<\/p><p>Drau\u00dfen bietet eine gro\u00dfe, m\u00f6blierte Terrasse den perfekten Ort f\u00fcr Mahlzeiten im Freien, w\u00e4hrend die Liegest\u00fchle zum Entspannen einladen und man die atemberaubenden Sonnenunterg\u00e4nge \u00fcber den Weinbergen und der umliegenden Landschaft genie\u00dfen kann.<\/p>\t\t\n\t<\/div>\n<\/div>\t\t\t\t<\/div>\n\t\t\t\t<\/div>\n\t\t\t\t<div class=\"elementor-element elementor-element-180ef89 elementor-widget elementor-widget-pxl_heading\" data-id=\"180ef89\" data-element_type=\"widget\" data-widget_type=\"pxl_heading.default\">\n\t\t\t\t<div class=\"elementor-widget-container\">\n\t\t\t\t\t<div class=\"pxl-heading-wrap d-flex\">\n    <div class=\"pxl-heading-inner  \">\n                    <div class=\"heading-subtitle \">\n                <div class=\"subtitle-text \">Inklusive Leistungen<\/div>\n            <\/div>\n                <p class=\"heading-title\">\n                        Bettw\u00e4sche und Handt\u00fccher mit w\u00f6chentlichem Wechsel, Parkplatz, Grill, Gemeinschaftswaschmaschine, Geschirrsp\u00fcler, TV und WLAN.<br \/>\n<br \/>\nEndreinigung (ein kleiner Aufpreis von 20,00 \u20ac ist f\u00fcr Aufenthalte mit Haustieren erforderlich).<br \/>\n<br \/>\nCampingbett und Hochstuhl f\u00fcr kleine Kinder auf Anfrage und je nach Verf\u00fcgbarkeit.<br \/>\n<br \/>\nGut erzogene kleine Haustiere sind willkommen; bitte informieren Sie uns im Voraus.         <\/p>\n            <\/div>\n<\/div>\n\n\t\t\t\t<\/div>\n\t\t\t\t<\/div>\n\t\t\t\t<div class=\"elementor-element elementor-element-91f234c elementor-widget elementor-widget-pxl_heading\" data-id=\"91f234c\" data-element_type=\"widget\" data-widget_type=\"pxl_heading.default\">\n\t\t\t\t<div class=\"elementor-widget-container\">\n\t\t\t\t\t<div class=\"pxl-heading-wrap d-flex\">\n    <div class=\"pxl-heading-inner  \">\n                    <div class=\"heading-subtitle \">\n                <div class=\"subtitle-text \">Nicht inbegriffene Leistungen<\/div>\n            <\/div>\n                <p class=\"heading-title\">\n                        T\u00e4glicher W\u00e4schewechsel, t\u00e4gliche Reinigung.         <\/p>\n            <\/div>\n<\/div>\n\n\t\t\t\t<\/div>\n\t\t\t\t<\/div>\n\t\t\t\t<div class=\"elementor-element elementor-element-6d95358 elementor-widget elementor-widget-pxl_button\" data-id=\"6d95358\" data-element_type=\"widget\" data-widget_type=\"pxl_button.default\">\n\t\t\t\t<div class=\"elementor-widget-container\">\n\t\t\t\t\t<div id=\"pxl_button-6d95358-8210\" class=\"pxl-button-wrapper d-flex-wrap pxl-button-layout1\" >\r\n    <a href=\"\/de\/kontakt\/\" class=\"pxl-btn default icon-ps-right\">\r\n        <span class=\"pxl-button-text\">JETZT BUCHEN<\/span>\r\n            <\/a>\r\n<\/div>\t\t\t\t<\/div>\n\t\t\t\t<\/div>\n\t\t                    <\/div>\r\n        <\/div>\r\n                <div class=\"elementor-column elementor-col-50 elementor-top-column elementor-element elementor-element-67d849e col-offset-none pxl-column-element-default pxl-column-overflow-hidden-no\" data-id=\"67d849e\" data-element_type=\"column\">\r\n        <div class=\"elementor-widget-wrap elementor-element-populated\">\r\n                    \t\t<div class=\"elementor-element elementor-element-4457d49 elementor-widget elementor-widget-pxl_image\" data-id=\"4457d49\" data-element_type=\"widget\" data-widget_type=\"pxl_image.default\">\n\t\t\t\t<div class=\"elementor-widget-container\">\n\t\t\t\t\t<div id=\"pxl_image-4457d49-7217\" class=\"pxl-image-wg pxl-skew-in-right default pxl-bg-parallax pxl-pll-transform\">\r\n\t\t\t<img fetchpriority=\"high\" decoding=\"async\" width=\"754\" height=\"703\" src=\"https:\/\/www.casamarisa.it\/wp-content\/uploads\/2024\/10\/Agriturismo-Casa-Marisa-Il-Vigneto-Merlot_1583.jpg\" class=\"attachment-full size-full wp-image-16813\" alt=\"Appartamento Merlot\" \/>\t\t\t\t\t<div class=\"parallax-inner\" data-parallax=\"{&quot;x&quot;:-50}\"  style=\"--pxl-image-bg-parallax-inner: url(https:\/\/www.casamarisa.it\/wp-content\/uploads\/2024\/10\/Agriturismo-Casa-Marisa-Il-Vigneto-Merlot_1583.jpg)\"><\/div>\r\n\t\t\t<\/div>\r\n\t\t\t\t<\/div>\n\t\t\t\t<\/div>\n\t\t                    <\/div>\r\n        <\/div>\r\n        \t\t\t<\/div>\n\t\t<\/section>\n\t\t        <section class=\"elementor-section elementor-top-section elementor-element elementor-element-314a869 elementor-section-full_width elementor-section-height-default elementor-section-height-default pxl-section-offset-none pxl-section-static-pos-no pxl-section-overflow-hidden-no pxl-container-margin-auto-no\" data-id=\"314a869\" data-element_type=\"section\" data-settings=\"{&quot;background_background&quot;:&quot;classic&quot;}\">\n\n        <div class=\"pxl-section-bg-parallax-outer\"><div class=\"pxl-section-bg-parallax\" data-parallax=\"{&quot;x&quot;:80}\"><\/div><\/div>        \n                <div class=\"elementor-container elementor-column-gap-no \">\n                <div class=\"elementor-column elementor-col-100 elementor-top-column elementor-element elementor-element-1ea8629 col-offset-none pxl-column-element-default pxl-column-overflow-hidden-no\" data-id=\"1ea8629\" data-element_type=\"column\">\r\n        <div class=\"elementor-widget-wrap elementor-element-populated\">\r\n                    \t\t<div class=\"elementor-element elementor-element-f54b621 pxl-gallery-carousel-layout-2 pxl-swiper-arrows-true pxl-bg-mode-basic pxl-swiper-dots-false pxl-swiper-dots-color-mode-df elementor-widget elementor-widget-pxl_gallery_carousel\" data-id=\"f54b621\" data-element_type=\"widget\" data-widget_type=\"pxl_gallery_carousel.default\">\n\t\t\t\t<div class=\"elementor-widget-container\">\n\t\t\t\t\t \r\n<div class=\"pxl-swiper-slider pxl-gallery-carousel layout-2  basic\">\r\n    <div class=\"pxl-swiper-slider-wrap pxl-carousel-inner overflow-hidden\">\r\n        <div class=\"pxl-swiper-container\" dir=\"ltr\" data-settings=\"{&quot;slide_direction&quot;:&quot;horizontal&quot;,&quot;slide_percolumn&quot;:1,&quot;slide_mode&quot;:&quot;slide&quot;,&quot;slides_to_show_xxl&quot;:3,&quot;slides_to_show&quot;:3,&quot;slides_to_show_lg&quot;:3,&quot;slides_to_show_md&quot;:2,&quot;slides_to_show_sm&quot;:2,&quot;slides_to_show_xs&quot;:2,&quot;slides_to_scroll&quot;:1,&quot;slides_gutter&quot;:0,&quot;center_slide&quot;:false,&quot;dots_style&quot;:&quot;bullets&quot;,&quot;autoplay&quot;:false,&quot;pause_on_hover&quot;:false,&quot;pause_on_interaction&quot;:true,&quot;delay&quot;:5000,&quot;loop&quot;:false,&quot;speed&quot;:500}\">\r\n            <div class=\"pxl-swiper-wrapper swiper-wrapper\">\r\n                                    <div class=\"pxl-swiper-slide swiper-slide\">\r\n                        <div class=\"item-inner relative overflow-hidden \">\r\n                                                            <div class=\"item-image\">\r\n                                    <img decoding=\"async\" class=\"no-lazyload \" src=\"https:\/\/www.casamarisa.it\/wp-content\/uploads\/2024\/10\/Agriturismo-Casa-Marisa-Il-Vigneto_1615-640x611.jpg\" width=\"640\" height=\"611\" alt=\"Appartamento Merlot\" title=\"Appartamento Merlot - Agriturismo Casa Marisa\" \/>                                <\/div>\r\n                                                                                                <div class=\"pxl-overlay\"><\/div>\r\n                                <a data-elementor-lightbox-slideshow=\"f54b621\" class=\"pxl-galleries-light-box\" href=\"https:\/\/www.casamarisa.it\/wp-content\/uploads\/2024\/10\/Agriturismo-Casa-Marisa-Il-Vigneto_1615.jpg\" data-id=\"16827\" data-elementor-lightbox-title=\"\"><\/a>\r\n                                                    <\/div>\r\n                    <\/div>\r\n                                    <div class=\"pxl-swiper-slide swiper-slide\">\r\n                        <div class=\"item-inner relative overflow-hidden \">\r\n                                                            <div class=\"item-image\">\r\n                                    <img decoding=\"async\" class=\"no-lazyload \" src=\"https:\/\/www.casamarisa.it\/wp-content\/uploads\/2024\/10\/Agriturismo-Casa-Marisa-Il-Vigneto-Merlot_1577-640x611.jpg\" width=\"640\" height=\"611\" alt=\"Appartamento Merlot\" title=\"Appartamento Merlot - Agriturismo Casa Marisa\" \/>                                <\/div>\r\n                                                                                                <div class=\"pxl-overlay\"><\/div>\r\n                                <a data-elementor-lightbox-slideshow=\"f54b621\" class=\"pxl-galleries-light-box\" href=\"https:\/\/www.casamarisa.it\/wp-content\/uploads\/2024\/10\/Agriturismo-Casa-Marisa-Il-Vigneto-Merlot_1577.jpg\" data-id=\"16826\" data-elementor-lightbox-title=\"\"><\/a>\r\n                                                    <\/div>\r\n                    <\/div>\r\n                                    <div class=\"pxl-swiper-slide swiper-slide\">\r\n                        <div class=\"item-inner relative overflow-hidden \">\r\n                                                            <div class=\"item-image\">\r\n                                    <img loading=\"lazy\" decoding=\"async\" class=\"no-lazyload \" src=\"https:\/\/www.casamarisa.it\/wp-content\/uploads\/2024\/10\/Agriturismo-Casa-Marisa-Il-Vigneto_1612-640x611.jpg\" width=\"640\" height=\"611\" alt=\"Pozzo\" title=\"Appartamento Merlot - Agriturismo Casa Marisa\" \/>                                <\/div>\r\n                                                                                                <div class=\"pxl-overlay\"><\/div>\r\n                                <a data-elementor-lightbox-slideshow=\"f54b621\" class=\"pxl-galleries-light-box\" href=\"https:\/\/www.casamarisa.it\/wp-content\/uploads\/2024\/10\/Agriturismo-Casa-Marisa-Il-Vigneto_1612.jpg\" data-id=\"16828\" data-elementor-lightbox-title=\"\"><\/a>\r\n                                                    <\/div>\r\n                    <\/div>\r\n                                    <div class=\"pxl-swiper-slide swiper-slide\">\r\n                        <div class=\"item-inner relative overflow-hidden \">\r\n                                                            <div class=\"item-image\">\r\n                                    <img loading=\"lazy\" decoding=\"async\" class=\"no-lazyload \" src=\"https:\/\/www.casamarisa.it\/wp-content\/uploads\/2024\/10\/Agriturismo-Casa-Marisa-Il-Vigneto-Merlot_1560-640x611.jpg\" width=\"640\" height=\"611\" alt=\"Appartamento Merlot\" title=\"Appartamento Merlot - Agriturismo Casa Marisa\" \/>                                <\/div>\r\n                                                                                                <div class=\"pxl-overlay\"><\/div>\r\n                                <a data-elementor-lightbox-slideshow=\"f54b621\" class=\"pxl-galleries-light-box\" href=\"https:\/\/www.casamarisa.it\/wp-content\/uploads\/2024\/10\/Agriturismo-Casa-Marisa-Il-Vigneto-Merlot_1560.jpg\" data-id=\"16820\" data-elementor-lightbox-title=\"\"><\/a>\r\n                                                    <\/div>\r\n                    <\/div>\r\n                                    <div class=\"pxl-swiper-slide swiper-slide\">\r\n                        <div class=\"item-inner relative overflow-hidden \">\r\n                                                            <div class=\"item-image\">\r\n                                    <img loading=\"lazy\" decoding=\"async\" class=\"no-lazyload \" src=\"https:\/\/www.casamarisa.it\/wp-content\/uploads\/2024\/10\/Agriturismo-Casa-Marisa-Il-Vigneto-Merlot_1576-640x611.jpg\" width=\"640\" height=\"611\" alt=\"Appartamento Merlot\" title=\"Appartamento Merlot - Agriturismo Casa Marisa\" \/>                                <\/div>\r\n                                                                                                <div class=\"pxl-overlay\"><\/div>\r\n                                <a data-elementor-lightbox-slideshow=\"f54b621\" class=\"pxl-galleries-light-box\" href=\"https:\/\/www.casamarisa.it\/wp-content\/uploads\/2024\/10\/Agriturismo-Casa-Marisa-Il-Vigneto-Merlot_1576.jpg\" data-id=\"16823\" data-elementor-lightbox-title=\"\"><\/a>\r\n                                                    <\/div>\r\n                    <\/div>\r\n                                    <div class=\"pxl-swiper-slide swiper-slide\">\r\n                        <div class=\"item-inner relative overflow-hidden \">\r\n                                                            <div class=\"item-image\">\r\n                                    <img loading=\"lazy\" decoding=\"async\" class=\"no-lazyload \" src=\"https:\/\/www.casamarisa.it\/wp-content\/uploads\/2024\/10\/Agriturismo-Casa-Marisa-Il-Vigneto-Merlot_1573-640x611.jpg\" width=\"640\" height=\"611\" alt=\"Appartamento Merlot\" title=\"Appartamento Merlot - Agriturismo Casa Marisa\" \/>                                <\/div>\r\n                                                                                                <div class=\"pxl-overlay\"><\/div>\r\n                                <a data-elementor-lightbox-slideshow=\"f54b621\" class=\"pxl-galleries-light-box\" href=\"https:\/\/www.casamarisa.it\/wp-content\/uploads\/2024\/10\/Agriturismo-Casa-Marisa-Il-Vigneto-Merlot_1573.jpg\" data-id=\"16824\" data-elementor-lightbox-title=\"\"><\/a>\r\n                                                    <\/div>\r\n                    <\/div>\r\n                                    <div class=\"pxl-swiper-slide swiper-slide\">\r\n                        <div class=\"item-inner relative overflow-hidden \">\r\n                                                            <div class=\"item-image\">\r\n                                    <img loading=\"lazy\" decoding=\"async\" class=\"no-lazyload \" src=\"https:\/\/www.casamarisa.it\/wp-content\/uploads\/2024\/10\/Agriturismo-Casa-Marisa-Il-Vigneto-Merlot_1549-640x611.jpg\" width=\"640\" height=\"611\" alt=\"Appartamento Merlot\" title=\"Appartamento Merlot - Agriturismo Casa Marisa\" \/>                                <\/div>\r\n                                                                                                <div class=\"pxl-overlay\"><\/div>\r\n                                <a data-elementor-lightbox-slideshow=\"f54b621\" class=\"pxl-galleries-light-box\" href=\"https:\/\/www.casamarisa.it\/wp-content\/uploads\/2024\/10\/Agriturismo-Casa-Marisa-Il-Vigneto-Merlot_1549.jpg\" data-id=\"16821\" data-elementor-lightbox-title=\"\"><\/a>\r\n                                                    <\/div>\r\n                    <\/div>\r\n                                    <div class=\"pxl-swiper-slide swiper-slide\">\r\n                        <div class=\"item-inner relative overflow-hidden \">\r\n                                                            <div class=\"item-image\">\r\n                                    <img loading=\"lazy\" decoding=\"async\" class=\"no-lazyload \" src=\"https:\/\/www.casamarisa.it\/wp-content\/uploads\/2024\/10\/Agriturismo-Casa-Marisa-Il-Vigneto-Merlot_1553-640x611.jpg\" width=\"640\" height=\"611\" alt=\"Camera matrimoniale dell&#039;appartamento Merlot\" title=\"Appartamento Merlot - Agriturismo Casa Marisa\" \/>                                <\/div>\r\n                                                                                                <div class=\"pxl-overlay\"><\/div>\r\n                                <a data-elementor-lightbox-slideshow=\"f54b621\" class=\"pxl-galleries-light-box\" href=\"https:\/\/www.casamarisa.it\/wp-content\/uploads\/2024\/10\/Agriturismo-Casa-Marisa-Il-Vigneto-Merlot_1553.jpg\" data-id=\"16819\" data-elementor-lightbox-title=\"\"><\/a>\r\n                                                    <\/div>\r\n                    <\/div>\r\n                                    <div class=\"pxl-swiper-slide swiper-slide\">\r\n                        <div class=\"item-inner relative overflow-hidden \">\r\n                                                            <div class=\"item-image\">\r\n                                    <img loading=\"lazy\" decoding=\"async\" class=\"no-lazyload \" src=\"https:\/\/www.casamarisa.it\/wp-content\/uploads\/2024\/10\/Agriturismo-Casa-Marisa-Il-Vigneto-Merlot_1544-640x611.jpg\" width=\"640\" height=\"611\" alt=\"Camera doppia dell&#039;appartamento Merlot\" title=\"Appartamento Merlot - Agriturismo Casa Marisa\" \/>                                <\/div>\r\n                                                                                                <div class=\"pxl-overlay\"><\/div>\r\n                                <a data-elementor-lightbox-slideshow=\"f54b621\" class=\"pxl-galleries-light-box\" href=\"https:\/\/www.casamarisa.it\/wp-content\/uploads\/2024\/10\/Agriturismo-Casa-Marisa-Il-Vigneto-Merlot_1544.jpg\" data-id=\"16825\" data-elementor-lightbox-title=\"\"><\/a>\r\n                                                    <\/div>\r\n                    <\/div>\r\n                                    <div class=\"pxl-swiper-slide swiper-slide\">\r\n                        <div class=\"item-inner relative overflow-hidden \">\r\n                                                            <div class=\"item-image\">\r\n                                    <img loading=\"lazy\" decoding=\"async\" class=\"no-lazyload \" src=\"https:\/\/www.casamarisa.it\/wp-content\/uploads\/2024\/10\/Agriturismo-Casa-Marisa-Il-Vigneto-Merlot_1550-640x611.jpg\" width=\"640\" height=\"611\" alt=\"Bagno dell&#039;appartamento Merlot\" title=\"Appartamento Merlot - Agriturismo Casa Marisa\" \/>                                <\/div>\r\n                                                                                                <div class=\"pxl-overlay\"><\/div>\r\n                                <a data-elementor-lightbox-slideshow=\"f54b621\" class=\"pxl-galleries-light-box\" href=\"https:\/\/www.casamarisa.it\/wp-content\/uploads\/2024\/10\/Agriturismo-Casa-Marisa-Il-Vigneto-Merlot_1550.jpg\" data-id=\"16822\" data-elementor-lightbox-title=\"\"><\/a>\r\n                                                    <\/div>\r\n                    <\/div>\r\n                            <\/div>    \r\n        <\/div>\r\n    <\/div>\r\n            <div class=\"pxl-swiper-arrows nav-in-vertical arrow-on-hover\">\r\n            <div class=\"pxl-swiper-arrow pxl-swiper-arrow-prev\"><span class=\"pxl-icon pxli-left-arrow\"><\/span><\/div>\r\n            <div class=\"pxl-swiper-arrow pxl-swiper-arrow-next\"><span class=\"pxl-icon pxli-right-arrow\"><\/span><\/div>\r\n        <\/div>\r\n        <\/div>\r\n \r\n\t\t\t\t<\/div>\n\t\t\t\t<\/div>\n\t\t        <section class=\"elementor-section elementor-inner-section elementor-element elementor-element-883f4d4 elementor-section-boxed elementor-section-height-default elementor-section-height-default pxl-section-static-pos-no pxl-section-overflow-hidden-no pxl-container-margin-auto-no\" data-id=\"883f4d4\" data-element_type=\"section\">\n\n                \n                <div class=\"elementor-container elementor-column-gap-default \">\n                <div class=\"elementor-column elementor-col-50 elementor-inner-column elementor-element elementor-element-3d64c55 col-offset-none pxl-column-element-default pxl-column-overflow-hidden-no\" data-id=\"3d64c55\" data-element_type=\"column\">\r\n        <div class=\"elementor-widget-wrap elementor-element-populated\">\r\n                    \t\t<div class=\"elementor-element elementor-element-48333bf elementor-widget elementor-widget-pxl_heading\" data-id=\"48333bf\" data-element_type=\"widget\" data-widget_type=\"pxl_heading.default\">\n\t\t\t\t<div class=\"elementor-widget-container\">\n\t\t\t\t\t<div class=\"pxl-heading-wrap d-flex\">\n    <div class=\"pxl-heading-inner  \">\n                    <div class=\"heading-subtitle divider-left\">\n                <div class=\"subtitle-text  pxl-split-text split-in-right\">Per gruppi e famiglie<\/div>\n            <\/div>\n                <h2 class=\"heading-title pxl-animate pxl-invisible animated-normal\" data-settings=\"{&quot;animation&quot;:&quot;fadeIn&quot;,&quot;animation_delay&quot;:300}\">\n                        Appartamento Il Vigneto         <\/h2>\n            <\/div>\n<\/div>\n\n\t\t\t\t<\/div>\n\t\t\t\t<\/div>\n\t\t                    <\/div>\r\n        <\/div>\r\n                <div class=\"elementor-column elementor-col-50 elementor-inner-column elementor-element elementor-element-0868eef col-offset-none pxl-column-element-default pxl-column-overflow-hidden-no\" data-id=\"0868eef\" data-element_type=\"column\">\r\n        <div class=\"elementor-widget-wrap elementor-element-populated\">\r\n                    \t\t<div class=\"elementor-element elementor-element-06f3208 elementor-invisible pxl-elementor-animate elementor-widget elementor-widget-pxl_text_editor\" data-id=\"06f3208\" data-element_type=\"widget\" data-settings=\"{&quot;_animation&quot;:&quot;fadeIn&quot;,&quot;_animation_delay&quot;:100}\" data-widget_type=\"pxl_text_editor.default\">\n\t\t\t\t<div class=\"elementor-widget-container\">\n\t\t\t\t\t<div id=\"pxl_text_editor-06f3208-6126\" class=\"pxl-text-editor-wrap d-flex \" >\n\t<div class=\"pxl-text-editor elementor-clearfix\">\n\t\t<p>L\u2019appartamento Merlot pu\u00f2 essere affittato insieme all\u2019appartamento Vermentino, da cui \u00e8 separato da una porta insonorizzata. Insieme, formano l\u2019ampio appartamento Vigneto, ideale per ospitare famiglie numerose o piccoli gruppi di amici, grazie alla versatilit\u00e0 delle due unit\u00e0 comunicanti.<\/p>\t\t\n\t<\/div>\n<\/div>\t\t\t\t<\/div>\n\t\t\t\t<\/div>\n\t\t\t\t<div class=\"elementor-element elementor-element-535c1cb elementor-align-end elementor-align-center elementor-widget elementor-widget-pxl_button\" data-id=\"535c1cb\" data-element_type=\"widget\" data-widget_type=\"pxl_button.default\">\n\t\t\t\t<div class=\"elementor-widget-container\">\n\t\t\t\t\t<div id=\"pxl_button-535c1cb-8671\" class=\"pxl-button-wrapper d-flex-wrap pxl-button-layout1\" >\r\n    <a href=\"\/appartamenti\/vermentino\/\" class=\"link-more link icon-ps-right underline-true underline_style-1\">\r\n        <span class=\"pxl-button-text\">Vedi l&#039;appartamento Vermentino<\/span>\r\n            <\/a>\r\n<\/div>\t\t\t\t<\/div>\n\t\t\t\t<\/div>\n\t\t                    <\/div>\r\n        <\/div>\r\n        \t\t\t<\/div>\n\t\t<\/section>\n\t\t                    <\/div>\r\n        <\/div>\r\n        \t\t\t<\/div>\n\t\t<\/section>\n\t\t\t\t<\/div>\n\t\t","protected":false},"excerpt":{"rendered":"<p>DREIZIMMERWOHNUNG Eingebettet in die Weinberge des Anwesens Die Merlot-Wohnung ist eine elegante, ger\u00e4umige und helle Dreizimmerwohnung. Sie besteht aus einem gro\u00dfz\u00fcgigen Wohnbereich mit Schlafsofa und einer voll ausgestatteten K\u00fcche mit gro\u00dfem K\u00fchlschrank, Gefrierschrank und Geschirrsp\u00fcler. Die Wohnung verf\u00fcgt \u00fcber zwei Schlafzimmer: eines mit einem Doppelbett und eines mit zwei Einzelbetten, die zu einem zweiten Doppelbett [&hellip;]<\/p>\n","protected":false},"author":2,"featured_media":0,"parent":18157,"menu_order":0,"comment_status":"closed","ping_status":"closed","template":"","meta":{"footnotes":""},"class_list":["post-18173","page","type-page","status-publish","hentry"],"_links":{"self":[{"href":"https:\/\/www.casamarisa.it\/de\/wp-json\/wp\/v2\/pages\/18173","targetHints":{"allow":["GET"]}}],"collection":[{"href":"https:\/\/www.casamarisa.it\/de\/wp-json\/wp\/v2\/pages"}],"about":[{"href":"https:\/\/www.casamarisa.it\/de\/wp-json\/wp\/v2\/types\/page"}],"author":[{"embeddable":true,"href":"https:\/\/www.casamarisa.it\/de\/wp-json\/wp\/v2\/users\/2"}],"replies":[{"embeddable":true,"href":"https:\/\/www.casamarisa.it\/de\/wp-json\/wp\/v2\/comments?post=18173"}],"version-history":[{"count":5,"href":"https:\/\/www.casamarisa.it\/de\/wp-json\/wp\/v2\/pages\/18173\/revisions"}],"predecessor-version":[{"id":18462,"href":"https:\/\/www.casamarisa.it\/de\/wp-json\/wp\/v2\/pages\/18173\/revisions\/18462"}],"up":[{"embeddable":true,"href":"https:\/\/www.casamarisa.it\/de\/wp-json\/wp\/v2\/pages\/18157"}],"wp:attachment":[{"href":"https:\/\/www.casamarisa.it\/de\/wp-json\/wp\/v2\/media?parent=18173"}],"curies":[{"name":"wp","href":"https:\/\/api.w.org\/{rel}","templated":true}]}}