{"id":18183,"date":"2024-10-04T11:19:52","date_gmt":"2024-10-04T09:19:52","guid":{"rendered":"http:\/\/casamarisa.youelba.com\/prodotti-agriturismo\/"},"modified":"2024-12-11T11:03:43","modified_gmt":"2024-12-11T10:03:43","slug":"agriturismous-produkte","status":"publish","type":"page","link":"https:\/\/www.casamarisa.it\/de\/agriturismous-produkte\/","title":{"rendered":"Agritourismus-Produkte"},"content":{"rendered":"\t\t<div data-elementor-type=\"wp-page\" data-elementor-id=\"18183\" class=\"elementor elementor-18183 elementor-17452\">\n\t\t\t\t        <section class=\"elementor-section elementor-top-section elementor-element elementor-element-d29b78e elementor-section-boxed elementor-section-height-default elementor-section-height-default pxl-section-static-pos-no pxl-section-overflow-hidden-no pxl-container-margin-auto-no\" data-id=\"d29b78e\" data-element_type=\"section\">\n\n                \n                <div class=\"elementor-container elementor-column-gap-default \">\n                <div class=\"elementor-column elementor-col-100 elementor-top-column elementor-element elementor-element-b171ac6 col-offset-none pxl-column-element-default pxl-column-overflow-hidden-no\" data-id=\"b171ac6\" data-element_type=\"column\">\r\n        <div class=\"elementor-widget-wrap elementor-element-populated\">\r\n                    \t\t<div class=\"elementor-element elementor-element-51480c6 elementor-widget elementor-widget-pxl_heading\" data-id=\"51480c6\" data-element_type=\"widget\" data-widget_type=\"pxl_heading.default\">\n\t\t\t\t<div class=\"elementor-widget-container\">\n\t\t\t\t\t<div class=\"pxl-heading-wrap d-flex\">\n    <div class=\"pxl-heading-inner  \">\n                    <div class=\"heading-subtitle divider-left\">\n                <div class=\"subtitle-text  pxl-split-text split-in-right\">VON DER ERDE AUF DEN TISCH<\/div>\n            <\/div>\n                <h2 class=\"heading-title pxl-animate pxl-invisible animated-normal\" data-settings=\"{&quot;animation&quot;:&quot;fadeIn&quot;,&quot;animation_delay&quot;:300}\">\n                        \u00d6l, Wein und Gem\u00fcse aus der Region         <\/h2>\n            <\/div>\n<\/div>\n\n\t\t\t\t<\/div>\n\t\t\t\t<\/div>\n\t\t\t\t<div class=\"elementor-element elementor-element-c5a7604 elementor-invisible pxl-elementor-animate elementor-widget elementor-widget-pxl_text_editor\" data-id=\"c5a7604\" data-element_type=\"widget\" data-settings=\"{&quot;_animation&quot;:&quot;fadeInUp&quot;}\" data-widget_type=\"pxl_text_editor.default\">\n\t\t\t\t<div class=\"elementor-widget-container\">\n\t\t\t\t\t<div id=\"pxl_text_editor-c5a7604-5629\" class=\"pxl-text-editor-wrap d-flex \" >\n\t<div class=\"pxl-text-editor elementor-clearfix\">\n\t\t<p>In unserem Agritourismus produzieren wir Wein und natives Oliven\u00f6l extra. Dar\u00fcber hinaus stehen die frischen Produkte aus unserem Garten, die mit Leidenschaft und Respekt f\u00fcr die Natur angebaut werden, unseren G\u00e4sten zur Verf\u00fcgung, die sie w\u00e4hrend ihres Aufenthalts genie\u00dfen k\u00f6nnen, f\u00fcr ein authentisches Erlebnis mit regionalen Produkten.<\/p>\t\t\n\t<\/div>\n<\/div>\t\t\t\t<\/div>\n\t\t\t\t<\/div>\n\t\t                    <\/div>\r\n        <\/div>\r\n        \t\t\t<\/div>\n\t\t<\/section>\n\t\t        <section class=\"elementor-section elementor-top-section elementor-element elementor-element-ae41e83 elementor-section-boxed elementor-section-height-default elementor-section-height-default pxl-section-static-pos-no pxl-section-overflow-hidden-no pxl-container-margin-auto-no\" data-id=\"ae41e83\" data-element_type=\"section\">\n\n                \n                <div class=\"elementor-container elementor-column-gap-default \">\n                <div class=\"elementor-column elementor-col-33 elementor-top-column elementor-element elementor-element-b3b09f1 pxl-column-overflow-hidden-yes col-offset-none pxl-column-element-default pxl-pll-transform\" data-id=\"b3b09f1\" data-element_type=\"column\">\r\n        <div class=\"elementor-widget-wrap elementor-element-populated\">\r\n            <div class=\"pxl-column-bg-parallax-outer\"><div class=\"pxl-column-bg-parallax\" data-parallax=\"{&quot;y&quot;:-100}\"><\/div><\/div>        \t\t<div class=\"elementor-element elementor-element-357a3c5 elementor-widget elementor-widget-spacer\" data-id=\"357a3c5\" data-element_type=\"widget\" data-widget_type=\"spacer.default\">\n\t\t\t\t<div class=\"elementor-widget-container\">\n\t\t\t\t\t\t\t<div class=\"elementor-spacer\">\n\t\t\t<div class=\"elementor-spacer-inner\"><\/div>\n\t\t<\/div>\n\t\t\t\t\t\t<\/div>\n\t\t\t\t<\/div>\n\t\t                    <\/div>\r\n        <\/div>\r\n                <div class=\"elementor-column elementor-col-33 elementor-top-column elementor-element elementor-element-aea02a5 pxl-column-overflow-hidden-yes col-offset-none pxl-column-element-default pxl-pll-transform\" data-id=\"aea02a5\" data-element_type=\"column\">\r\n        <div class=\"elementor-widget-wrap elementor-element-populated\">\r\n            <div class=\"pxl-column-bg-parallax-outer\"><div class=\"pxl-column-bg-parallax\" data-parallax=\"{&quot;y&quot;:100}\"><\/div><\/div>        \t\t<div class=\"elementor-element elementor-element-db40208 elementor-widget elementor-widget-spacer\" data-id=\"db40208\" data-element_type=\"widget\" data-widget_type=\"spacer.default\">\n\t\t\t\t<div class=\"elementor-widget-container\">\n\t\t\t\t\t\t\t<div class=\"elementor-spacer\">\n\t\t\t<div class=\"elementor-spacer-inner\"><\/div>\n\t\t<\/div>\n\t\t\t\t\t\t<\/div>\n\t\t\t\t<\/div>\n\t\t                    <\/div>\r\n        <\/div>\r\n                <div class=\"elementor-column elementor-col-33 elementor-top-column elementor-element elementor-element-0b7980f pxl-column-overflow-hidden-yes col-offset-none pxl-column-element-default pxl-pll-transform\" data-id=\"0b7980f\" data-element_type=\"column\">\r\n        <div class=\"elementor-widget-wrap elementor-element-populated\">\r\n            <div class=\"pxl-column-bg-parallax-outer\"><div class=\"pxl-column-bg-parallax\" data-parallax=\"{&quot;y&quot;:-100}\"><\/div><\/div>        \t\t<div class=\"elementor-element elementor-element-7f78eb5 elementor-widget elementor-widget-spacer\" data-id=\"7f78eb5\" data-element_type=\"widget\" data-widget_type=\"spacer.default\">\n\t\t\t\t<div class=\"elementor-widget-container\">\n\t\t\t\t\t\t\t<div class=\"elementor-spacer\">\n\t\t\t<div class=\"elementor-spacer-inner\"><\/div>\n\t\t<\/div>\n\t\t\t\t\t\t<\/div>\n\t\t\t\t<\/div>\n\t\t                    <\/div>\r\n        <\/div>\r\n        \t\t\t<\/div>\n\t\t<\/section>\n\t\t        <section class=\"elementor-section elementor-top-section elementor-element elementor-element-10ade00 clip-path-3 elementor-section-content-middle elementor-section-boxed elementor-section-height-default elementor-section-height-default pxl-section-static-pos-no pxl-section-overflow-hidden-no pxl-container-margin-auto-no\" data-id=\"10ade00\" data-element_type=\"section\" data-settings=\"{&quot;background_background&quot;:&quot;classic&quot;}\">\n\n                \n                <div class=\"elementor-container elementor-column-gap-default \">\n                <div class=\"elementor-column elementor-col-50 elementor-top-column elementor-element elementor-element-41b2dc7 col-offset-none pxl-column-element-default pxl-column-overflow-hidden-no\" data-id=\"41b2dc7\" data-element_type=\"column\">\r\n        <div class=\"elementor-widget-wrap elementor-element-populated\">\r\n                    \t\t<div class=\"elementor-element elementor-element-c179f72 elementor-widget elementor-widget-pxl_heading\" data-id=\"c179f72\" data-element_type=\"widget\" data-widget_type=\"pxl_heading.default\">\n\t\t\t\t<div class=\"elementor-widget-container\">\n\t\t\t\t\t<div class=\"pxl-heading-wrap d-flex\">\n    <div class=\"pxl-heading-inner  \">\n                    <div class=\"heading-subtitle divider-left\">\n                <div class=\"subtitle-text  pxl-split-text split-in-right\">DAS GR\u00dcNE GOLD VON CASA MARISA<\/div>\n            <\/div>\n                <h2 class=\"heading-title\">\n                        Natives Oliven\u00f6l extra         <\/h2>\n            <\/div>\n<\/div>\n\n\t\t\t\t<\/div>\n\t\t\t\t<\/div>\n\t\t\t\t<div class=\"elementor-element elementor-element-78ba47f elementor-widget-tablet__width-initial elementor-widget-mobile_extra__width-inherit elementor-widget elementor-widget-pxl_text_editor\" data-id=\"78ba47f\" data-element_type=\"widget\" data-widget_type=\"pxl_text_editor.default\">\n\t\t\t\t<div class=\"elementor-widget-container\">\n\t\t\t\t\t<div id=\"pxl_text_editor-78ba47f-7049\" class=\"pxl-text-editor-wrap d-flex \" >\n\t<div class=\"pxl-text-editor elementor-clearfix\">\n\t\t<p>Jedes Jahr im November widmet sich die Familie Anselmi der Produktion von nativem Oliven\u00f6l extra. Das produzierte \u00d6l stammt von Olivenb\u00e4umen, die auf der Insel Elba in der Gemeinde Portoferraio in den Gebieten Schiopparello, Magazzini und Bagnaia stehen. Die Oliven geh\u00f6ren den Sorten Frantoio, Pendolino, Moraiolo und Leccino an.<\/p><p>Im Einklang mit den \u00e4ltesten Traditionen erfolgt die Ernte manuell nach einer sorgf\u00e4ltigen Auswahl der Oliven im richtigen Reifegrad. Die frisch geernteten Oliven werden in Kisten gelegt und zur Pressung geschickt, wobei eine streng kalte Extraktion verwendet wird; alle Produktionsphasen werden direkt \u00fcberwacht, um die nat\u00fcrlichen Eigenschaften der Frucht zu erhalten. Das gewonnene \u00d6l wird in einem klimatisierten Raum in Edelstahlbeh\u00e4ltern gelagert. Ohne Filtration wird es erst kurz vor dem Verkauf abgef\u00fcllt, wodurch seine ern\u00e4hrungsphysiologischen und organoleptischen Eigenschaften erhalten bleiben.<\/p>\t\t\n\t<\/div>\n<\/div>\t\t\t\t<\/div>\n\t\t\t\t<\/div>\n\t\t\t\t<div class=\"elementor-element elementor-element-9bf1aa8 pxl-fancybox-layout-6 elementor-widget elementor-widget-pxl_fancy_box\" data-id=\"9bf1aa8\" data-element_type=\"widget\" data-widget_type=\"pxl_fancy_box.default\">\n\t\t\t\t<div class=\"elementor-widget-container\">\n\t\t\t\t\t \r\n<div class=\"pxl-fancybox-wrap d-flex layout-6\">\r\n    <div class=\"fancybox-inner row gx-25 relative\">\r\n                    <div class=\"pxl-fancy-icon relative col-auto\">\r\n                <span aria-hidden=\"true\" class=\"pxl-icon cmli cmli-food-serving\"><\/span>            <\/div>\r\n                  \r\n        <div class=\"pxl-fancybox-content col\">\r\n                        <h3 class=\"title pxl-heading\">\r\n                                Verkostungsnotizen und Empfehlungen                 \r\n            <\/h3>\r\n                                    <div class=\"desc\">\r\n                Das Casa Marisa Extra Virgin Olive Oil ist ein harmonisches und ausgewogenes \u00d6l mit fruchtigen Aromen. Beim Verkosten ist sofort der Geschmack der gr\u00fcnen Olive mit kr\u00e4uterigen Noten wahrnehmbar. Am Gaumen ist es weich, mit einer ausgepr\u00e4gten, aber angenehmen Bitterkeit und Sch\u00e4rfe, die gut ausbalanciert ist, und endet mit einem w\u00fcrzigen Touch, der an Wiesenkr\u00e4uter und unreife Mandeln erinnert.<br \/>\n<br \/>\nGut f\u00fcr jede Verwendung, eignet sich dieses \u00d6l besonders als Rohdressing. Das Casa Marisa Natives Oliven\u00f6l extra dr\u00fcckt seine volle Identit\u00e4t und seine hohe W\u00fcrzkraft aus, wenn es auf Fischvorspeisen, H\u00fclsensuppen, Gem\u00fcsesuppen, auf geschnittenem Fleisch und auf Braten verwendet wird.            <\/div>\r\n                    <\/div> \r\n    <\/div>  \r\n<\/div>\r\n \r\n\r\n\r\n\r\n\t\t\t\t<\/div>\n\t\t\t\t<\/div>\n\t\t                    <\/div>\r\n        <\/div>\r\n                <div class=\"elementor-column elementor-col-50 elementor-top-column elementor-element elementor-element-9a97180 col-offset-none pxl-column-element-default pxl-column-overflow-hidden-no\" data-id=\"9a97180\" data-element_type=\"column\">\r\n        <div class=\"elementor-widget-wrap elementor-element-populated\">\r\n                    \t\t<div class=\"elementor-element elementor-element-e6aab81 pxl-gallery-carousel-layout-3 pxl-swiper-arrows-true pxl-swiper-dots-false pxl-swiper-dots-color-mode-df elementor-widget elementor-widget-pxl_gallery_carousel\" data-id=\"e6aab81\" data-element_type=\"widget\" data-widget_type=\"pxl_gallery_carousel.default\">\n\t\t\t\t<div class=\"elementor-widget-container\">\n\t\t\t\t\t \r\n<div class=\"pxl-swiper-slider pxl-gallery-carousel layout-3\">\r\n    <div class=\"pxl-swiper-slider-wrap pxl-carousel-inner overflow-hidden\">\r\n        <div class=\"pxl-swiper-container\" dir=\"ltr\" data-settings=\"{&quot;slide_direction&quot;:&quot;horizontal&quot;,&quot;slide_percolumn&quot;:1,&quot;slide_mode&quot;:&quot;slide&quot;,&quot;slides_to_show_xxl&quot;:1.45,&quot;slides_to_show&quot;:1.45,&quot;slides_to_show_lg&quot;:1.45,&quot;slides_to_show_md&quot;:1.25,&quot;slides_to_show_sm&quot;:1.2,&quot;slides_to_show_xs&quot;:1,&quot;slides_to_scroll&quot;:1,&quot;slides_gutter&quot;:0,&quot;center_slide&quot;:false,&quot;dots_style&quot;:&quot;bullets&quot;,&quot;autoplay&quot;:false,&quot;pause_on_hover&quot;:false,&quot;pause_on_interaction&quot;:true,&quot;delay&quot;:5000,&quot;loop&quot;:true,&quot;speed&quot;:500}\">\r\n            <div class=\"pxl-swiper-wrapper swiper-wrapper\">\r\n                                    <div class=\"pxl-swiper-slide swiper-slide\">\r\n                        <div class=\"item-inner relative overflow-hidden\">\r\n                                                            <div class=\"item-image relative\">\r\n                                    <img fetchpriority=\"high\" decoding=\"async\" class=\"no-lazyload \" src=\"https:\/\/www.casamarisa.it\/wp-content\/uploads\/2024\/10\/DSC_8827-olio-extravergine-oliva.jpg\" width=\"754\" height=\"703\" alt=\"Olio Extravergine di Oliva Casa Marisa\" title=\"Olio Extravergine di Oliva Casa Marisa\" \/>                                <\/div>\r\n                                                    <\/div>\r\n                                            <\/div>\r\n                                    <div class=\"pxl-swiper-slide swiper-slide\">\r\n                        <div class=\"item-inner relative overflow-hidden\">\r\n                                                            <div class=\"item-image relative\">\r\n                                    <img decoding=\"async\" class=\"no-lazyload \" src=\"https:\/\/www.casamarisa.it\/wp-content\/uploads\/2024\/10\/IMG_8160-raccolta-olive.jpg\" width=\"754\" height=\"703\" alt=\"Raccolta di olive\" title=\"\" \/>                                <\/div>\r\n                                                    <\/div>\r\n                                            <\/div>\r\n                                    <div class=\"pxl-swiper-slide swiper-slide\">\r\n                        <div class=\"item-inner relative overflow-hidden\">\r\n                                                            <div class=\"item-image relative\">\r\n                                    <img decoding=\"async\" class=\"no-lazyload \" src=\"https:\/\/www.casamarisa.it\/wp-content\/uploads\/2024\/10\/IMG_8217-raccolta-olive.jpg\" width=\"754\" height=\"703\" alt=\"Albero di olivo\" title=\"\" \/>                                <\/div>\r\n                                                    <\/div>\r\n                                            <\/div>\r\n                                    <div class=\"pxl-swiper-slide swiper-slide\">\r\n                        <div class=\"item-inner relative overflow-hidden\">\r\n                                                            <div class=\"item-image relative\">\r\n                                    <img loading=\"lazy\" decoding=\"async\" class=\"no-lazyload \" src=\"https:\/\/www.casamarisa.it\/wp-content\/uploads\/2024\/10\/DSC_8835-olio-extravergine-oliva2.jpg\" width=\"754\" height=\"703\" alt=\"Olio Extravergine di Oliva Casa Marisa\" title=\"\" \/>                                <\/div>\r\n                                                    <\/div>\r\n                                            <\/div>\r\n                            <\/div>    \r\n        <\/div>\r\n    <\/div>\r\n            <div class=\"pxl-swiper-arrows nav-in-vertical \">\r\n            <div class=\"pxl-swiper-arrow pxl-swiper-arrow-prev\"><span class=\"pxl-icon pxli-left-arrow\"><\/span><\/div>\r\n            <div class=\"pxl-swiper-arrow pxl-swiper-arrow-next\"><span class=\"pxl-icon pxli-right-arrow\"><\/span><\/div>\r\n        <\/div>\r\n        <\/div>\r\n \r\n\t\t\t\t<\/div>\n\t\t\t\t<\/div>\n\t\t                    <\/div>\r\n        <\/div>\r\n        \t\t\t<\/div>\n\t\t<\/section>\n\t\t\t\t<\/div>\n\t\t","protected":false},"excerpt":{"rendered":"<p>VON DER ERDE AUF DEN TISCH \u00d6l, Wein und Gem\u00fcse aus der Region In unserem Agritourismus produzieren wir Wein und natives Oliven\u00f6l extra. Dar\u00fcber hinaus stehen die frischen Produkte aus unserem Garten, die mit Leidenschaft und Respekt f\u00fcr die Natur angebaut werden, unseren G\u00e4sten zur Verf\u00fcgung, die sie w\u00e4hrend ihres Aufenthalts genie\u00dfen k\u00f6nnen, f\u00fcr ein [&hellip;]<\/p>\n","protected":false},"author":2,"featured_media":0,"parent":0,"menu_order":0,"comment_status":"closed","ping_status":"closed","template":"","meta":{"footnotes":""},"class_list":["post-18183","page","type-page","status-publish","hentry"],"_links":{"self":[{"href":"https:\/\/www.casamarisa.it\/de\/wp-json\/wp\/v2\/pages\/18183","targetHints":{"allow":["GET"]}}],"collection":[{"href":"https:\/\/www.casamarisa.it\/de\/wp-json\/wp\/v2\/pages"}],"about":[{"href":"https:\/\/www.casamarisa.it\/de\/wp-json\/wp\/v2\/types\/page"}],"author":[{"embeddable":true,"href":"https:\/\/www.casamarisa.it\/de\/wp-json\/wp\/v2\/users\/2"}],"replies":[{"embeddable":true,"href":"https:\/\/www.casamarisa.it\/de\/wp-json\/wp\/v2\/comments?post=18183"}],"version-history":[{"count":5,"href":"https:\/\/www.casamarisa.it\/de\/wp-json\/wp\/v2\/pages\/18183\/revisions"}],"predecessor-version":[{"id":18518,"href":"https:\/\/www.casamarisa.it\/de\/wp-json\/wp\/v2\/pages\/18183\/revisions\/18518"}],"wp:attachment":[{"href":"https:\/\/www.casamarisa.it\/de\/wp-json\/wp\/v2\/media?parent=18183"}],"curies":[{"name":"wp","href":"https:\/\/api.w.org\/{rel}","templated":true}]}}