{"id":18185,"date":"2024-09-27T14:37:50","date_gmt":"2024-09-27T12:37:50","guid":{"rendered":"http:\/\/casamarisa.youelba.com\/promozioni-e-offerte\/"},"modified":"2024-12-11T11:04:33","modified_gmt":"2024-12-11T10:04:33","slug":"promotions-und-angebote","status":"publish","type":"page","link":"https:\/\/www.casamarisa.it\/de\/promotions-und-angebote\/","title":{"rendered":"Promotions und Angebote"},"content":{"rendered":"\t\t<div data-elementor-type=\"wp-page\" data-elementor-id=\"18185\" class=\"elementor elementor-18185 elementor-16542\">\n\t\t\t\t        <section class=\"elementor-section elementor-top-section elementor-element elementor-element-79dcc1e elementor-section-full_width elementor-section-stretched elementor-section-height-default elementor-section-height-default pxl-section-offset-none pxl-section-static-pos-no pxl-section-overflow-hidden-no pxl-container-margin-auto-no\" data-id=\"79dcc1e\" data-element_type=\"section\" data-settings=\"{&quot;stretch_section&quot;:&quot;section-stretched&quot;}\">\n\n                \n                <div class=\"elementor-container elementor-column-gap-default \">\n                <div class=\"elementor-column elementor-col-100 elementor-top-column elementor-element elementor-element-7830b5d col-offset-none pxl-column-element-default pxl-column-overflow-hidden-no\" data-id=\"7830b5d\" data-element_type=\"column\">\r\n        <div class=\"elementor-widget-wrap elementor-element-populated\">\r\n                    \t\t<div class=\"elementor-element elementor-element-eccd459 elementor-invisible pxl-elementor-animate elementor-widget elementor-widget-pxl_text_editor\" data-id=\"eccd459\" data-element_type=\"widget\" data-settings=\"{&quot;_animation&quot;:&quot;fadeInUp&quot;}\" data-widget_type=\"pxl_text_editor.default\">\n\t\t\t\t<div class=\"elementor-widget-container\">\n\t\t\t\t\t<div id=\"pxl_text_editor-eccd459-4760\" class=\"pxl-text-editor-wrap d-flex \" >\n\t<div class=\"pxl-text-editor elementor-clearfix\">\n\t\t<h4>Nutze unsere exklusiven Angebote, um deinen Aufenthalt in Casa Marisa noch besonderer zu machen!<\/h4>\t\t\n\t<\/div>\n<\/div>\t\t\t\t<\/div>\n\t\t\t\t<\/div>\n\t\t\t\t<div class=\"elementor-element elementor-element-c11b9ef elementor-widget elementor-widget-pxl_divider\" data-id=\"c11b9ef\" data-element_type=\"widget\" data-widget_type=\"pxl_divider.default\">\n\t\t\t\t<div class=\"elementor-widget-container\">\n\t\t\t\t\t<div class=\"pxl-divider horizontal animated normal\"><div class=\"pxl-divider-separator\"><\/div><\/div>\t\t\t\t<\/div>\n\t\t\t\t<\/div>\n\t\t        <section class=\"elementor-section elementor-inner-section elementor-element elementor-element-b897fd9 elementor-section-content-middle elementor-section-full_width elementor-section-height-default elementor-section-height-default pxl-section-offset-none pxl-section-static-pos-no pxl-section-overflow-hidden-no pxl-container-margin-auto-no\" data-id=\"b897fd9\" data-element_type=\"section\" data-settings=\"{&quot;background_background&quot;:&quot;classic&quot;}\">\n\n                \n                <div class=\"elementor-container elementor-column-gap-default \">\n                <div class=\"elementor-column elementor-col-50 elementor-inner-column elementor-element elementor-element-30208e8 pxl-column-overflow-hidden-yes col-offset-none pxl-column-element-default pxl-pll-transform\" data-id=\"30208e8\" data-element_type=\"column\">\r\n        <div class=\"elementor-widget-wrap elementor-element-populated\">\r\n            <div class=\"pxl-column-bg-parallax-outer\"><div class=\"pxl-column-bg-parallax\" data-parallax=\"{&quot;y&quot;:-100}\"><\/div><\/div>        \t\t<div class=\"elementor-element elementor-element-68e32a7 elementor-widget elementor-widget-spacer\" data-id=\"68e32a7\" data-element_type=\"widget\" data-widget_type=\"spacer.default\">\n\t\t\t\t<div class=\"elementor-widget-container\">\n\t\t\t\t\t\t\t<div class=\"elementor-spacer\">\n\t\t\t<div class=\"elementor-spacer-inner\"><\/div>\n\t\t<\/div>\n\t\t\t\t\t\t<\/div>\n\t\t\t\t<\/div>\n\t\t                    <\/div>\r\n        <\/div>\r\n                <div class=\"elementor-column elementor-col-50 elementor-inner-column elementor-element elementor-element-a70e8a4 col-offset-none pxl-column-element-default pxl-column-overflow-hidden-no\" data-id=\"a70e8a4\" data-element_type=\"column\">\r\n        <div class=\"elementor-widget-wrap elementor-element-populated\">\r\n                    \t\t<div class=\"elementor-element elementor-element-6930933 elementor-widget elementor-widget-pxl_heading\" data-id=\"6930933\" data-element_type=\"widget\" data-widget_type=\"pxl_heading.default\">\n\t\t\t\t<div class=\"elementor-widget-container\">\n\t\t\t\t\t<div class=\"pxl-heading-wrap d-flex\">\n    <div class=\"pxl-heading-inner  \">\n                <h3 class=\"heading-title\">\n                        Sonderangebot: Casa delle Rose         <\/h3>\n            <\/div>\n<\/div>\n\n\t\t\t\t<\/div>\n\t\t\t\t<\/div>\n\t\t\t\t<div class=\"elementor-element elementor-element-2b88f77 elementor-widget elementor-widget-pxl_text_editor\" data-id=\"2b88f77\" data-element_type=\"widget\" data-widget_type=\"pxl_text_editor.default\">\n\t\t\t\t<div class=\"elementor-widget-container\">\n\t\t\t\t\t<div id=\"pxl_text_editor-2b88f77-7164\" class=\"pxl-text-editor-wrap d-flex \" >\n\t<div class=\"pxl-text-editor elementor-clearfix\">\n\t\t<p>Die wundersch\u00f6ne Dependance Casa delle Rose, eingebettet in den Weinbergen des Agriturismo, ist vom 2. bis 9. September verf\u00fcgbar. Die Unterkunft bietet Platz f\u00fcr bis zu 6 Personen (4+2 Schlafpl\u00e4tze). Der Preis variiert je nach Anzahl der G\u00e4ste. F\u00fcr ein individuelles Angebot kontaktieren Sie direkt Eugenio, den Betreiber.<\/p><p>Verpassen Sie nicht die Gelegenheit, eine unvergessliche Woche zu erleben!<\/p>\t\t\n\t<\/div>\n<\/div>\t\t\t\t<\/div>\n\t\t\t\t<\/div>\n\t\t\t\t<div class=\"elementor-element elementor-element-7f1daea elementor-widget elementor-widget-pxl_button\" data-id=\"7f1daea\" data-element_type=\"widget\" data-widget_type=\"pxl_button.default\">\n\t\t\t\t<div class=\"elementor-widget-container\">\n\t\t\t\t\t<div id=\"pxl_button-7f1daea-3752\" class=\"pxl-button-wrapper d-flex-wrap pxl-button-layout1\" >\r\n    <a href=\"\/de\/kontakt\/\" class=\"link-more link icon-ps-right underline-true underline_ has-icon\">\r\n        <span class=\"pxl-button-text\">Jetzt buchen<\/span>\r\n        <span aria-hidden=\"true\" class=\"pxl-button-icon pxl-icon right pxli pxli-right-long-arrow\"><\/span>    <\/a>\r\n<\/div>\t\t\t\t<\/div>\n\t\t\t\t<\/div>\n\t\t                    <\/div>\r\n        <\/div>\r\n        \t\t\t<\/div>\n\t\t<\/section>\n\t\t        <section class=\"elementor-section elementor-inner-section elementor-element elementor-element-dc94285 elementor-section-content-middle elementor-section-full_width elementor-section-height-default elementor-section-height-default pxl-section-offset-none pxl-section-static-pos-no pxl-section-overflow-hidden-no pxl-container-margin-auto-no\" data-id=\"dc94285\" data-element_type=\"section\" data-settings=\"{&quot;background_background&quot;:&quot;classic&quot;}\">\n\n                \n                <div class=\"elementor-container elementor-column-gap-default \">\n                <div class=\"elementor-column elementor-col-50 elementor-inner-column elementor-element elementor-element-b1a416f pxl-column-overflow-hidden-yes col-offset-none pxl-column-element-default pxl-pll-transform\" data-id=\"b1a416f\" data-element_type=\"column\">\r\n        <div class=\"elementor-widget-wrap elementor-element-populated\">\r\n            <div class=\"pxl-column-bg-parallax-outer\"><div class=\"pxl-column-bg-parallax\" data-parallax=\"{&quot;y&quot;:-100}\"><\/div><\/div>        \t\t<div class=\"elementor-element elementor-element-3732dcb elementor-widget elementor-widget-spacer\" data-id=\"3732dcb\" data-element_type=\"widget\" data-widget_type=\"spacer.default\">\n\t\t\t\t<div class=\"elementor-widget-container\">\n\t\t\t\t\t\t\t<div class=\"elementor-spacer\">\n\t\t\t<div class=\"elementor-spacer-inner\"><\/div>\n\t\t<\/div>\n\t\t\t\t\t\t<\/div>\n\t\t\t\t<\/div>\n\t\t                    <\/div>\r\n        <\/div>\r\n                <div class=\"elementor-column elementor-col-50 elementor-inner-column elementor-element elementor-element-05e2b90 col-offset-none pxl-column-element-default pxl-column-overflow-hidden-no\" data-id=\"05e2b90\" data-element_type=\"column\">\r\n        <div class=\"elementor-widget-wrap elementor-element-populated\">\r\n                    \t\t<div class=\"elementor-element elementor-element-e8eb79b elementor-widget elementor-widget-pxl_heading\" data-id=\"e8eb79b\" data-element_type=\"widget\" data-widget_type=\"pxl_heading.default\">\n\t\t\t\t<div class=\"elementor-widget-container\">\n\t\t\t\t\t<div class=\"pxl-heading-wrap d-flex\">\n    <div class=\"pxl-heading-inner  \">\n                <h3 class=\"heading-title\">\n                        Sonderangebot: Casa delle Rose         <\/h3>\n            <\/div>\n<\/div>\n\n\t\t\t\t<\/div>\n\t\t\t\t<\/div>\n\t\t\t\t<div class=\"elementor-element elementor-element-487faf4 elementor-widget elementor-widget-pxl_text_editor\" data-id=\"487faf4\" data-element_type=\"widget\" data-widget_type=\"pxl_text_editor.default\">\n\t\t\t\t<div class=\"elementor-widget-container\">\n\t\t\t\t\t<div id=\"pxl_text_editor-487faf4-9192\" class=\"pxl-text-editor-wrap d-flex \" >\n\t<div class=\"pxl-text-editor elementor-clearfix\">\n\t\t<p>Die wundersch\u00f6ne Dependance Casa delle Rose, eingebettet in den Weinbergen des Agriturismo, ist vom 2. bis 9. September verf\u00fcgbar. Die Unterkunft bietet Platz f\u00fcr bis zu 6 Personen (4+2 Schlafpl\u00e4tze). Der Preis variiert je nach Anzahl der G\u00e4ste. F\u00fcr ein individuelles Angebot kontaktieren Sie direkt Eugenio, den Betreiber.<\/p><p>Verpassen Sie nicht die Gelegenheit, eine unvergessliche Woche zu erleben!<\/p>\t\t\n\t<\/div>\n<\/div>\t\t\t\t<\/div>\n\t\t\t\t<\/div>\n\t\t\t\t<div class=\"elementor-element elementor-element-cb2e46d elementor-widget elementor-widget-pxl_button\" data-id=\"cb2e46d\" data-element_type=\"widget\" data-widget_type=\"pxl_button.default\">\n\t\t\t\t<div class=\"elementor-widget-container\">\n\t\t\t\t\t<div id=\"pxl_button-cb2e46d-8583\" class=\"pxl-button-wrapper d-flex-wrap pxl-button-layout1\" >\r\n    <a href=\"\/de\/kontakt\/\" class=\"link-more link icon-ps-right underline-true underline_ has-icon\">\r\n        <span class=\"pxl-button-text\">Jetzt buchen<\/span>\r\n        <span aria-hidden=\"true\" class=\"pxl-button-icon pxl-icon right pxli pxli-right-long-arrow\"><\/span>    <\/a>\r\n<\/div>\t\t\t\t<\/div>\n\t\t\t\t<\/div>\n\t\t                    <\/div>\r\n        <\/div>\r\n        \t\t\t<\/div>\n\t\t<\/section>\n\t\t                    <\/div>\r\n        <\/div>\r\n        \t\t\t<\/div>\n\t\t<\/section>\n\t\t\t\t<\/div>\n\t\t","protected":false},"excerpt":{"rendered":"<p>Nutze unsere exklusiven Angebote, um deinen Aufenthalt in Casa Marisa noch besonderer zu machen! Sonderangebot: Casa delle Rose Die wundersch\u00f6ne Dependance Casa delle Rose, eingebettet in den Weinbergen des Agriturismo, ist vom 2. bis 9. September verf\u00fcgbar. Die Unterkunft bietet Platz f\u00fcr bis zu 6 Personen (4+2 Schlafpl\u00e4tze). Der Preis variiert je nach Anzahl der [&hellip;]<\/p>\n","protected":false},"author":2,"featured_media":0,"parent":0,"menu_order":0,"comment_status":"closed","ping_status":"closed","template":"","meta":{"footnotes":""},"class_list":["post-18185","page","type-page","status-publish","hentry"],"_links":{"self":[{"href":"https:\/\/www.casamarisa.it\/de\/wp-json\/wp\/v2\/pages\/18185","targetHints":{"allow":["GET"]}}],"collection":[{"href":"https:\/\/www.casamarisa.it\/de\/wp-json\/wp\/v2\/pages"}],"about":[{"href":"https:\/\/www.casamarisa.it\/de\/wp-json\/wp\/v2\/types\/page"}],"author":[{"embeddable":true,"href":"https:\/\/www.casamarisa.it\/de\/wp-json\/wp\/v2\/users\/2"}],"replies":[{"embeddable":true,"href":"https:\/\/www.casamarisa.it\/de\/wp-json\/wp\/v2\/comments?post=18185"}],"version-history":[{"count":5,"href":"https:\/\/www.casamarisa.it\/de\/wp-json\/wp\/v2\/pages\/18185\/revisions"}],"predecessor-version":[{"id":18695,"href":"https:\/\/www.casamarisa.it\/de\/wp-json\/wp\/v2\/pages\/18185\/revisions\/18695"}],"wp:attachment":[{"href":"https:\/\/www.casamarisa.it\/de\/wp-json\/wp\/v2\/media?parent=18185"}],"curies":[{"name":"wp","href":"https:\/\/api.w.org\/{rel}","templated":true}]}}